{"id":33,"date":"2025-04-15T12:13:25","date_gmt":"2025-04-15T12:13:25","guid":{"rendered":"https:\/\/hermesconsolidated.com\/?page_id=33"},"modified":"2025-04-15T13:50:52","modified_gmt":"2025-04-15T13:50:52","slug":"asesoria-contable","status":"publish","type":"page","link":"https:\/\/hermesconsolidated.com\/ca\/asesoria-contable\/","title":{"rendered":"Assessoria comptable"},"content":{"rendered":"<div class=\"wp-block-cover alignfull is-light is-style-default\" style=\"min-height:430px;aspect-ratio:unset;\"><span aria-hidden=\"true\" class=\"wp-block-cover__background has-text-lighter-background-color has-background-dim\"><\/span><img loading=\"lazy\" decoding=\"async\" width=\"1280\" height=\"853\" class=\"wp-block-cover__image-background wp-image-127\" alt=\"\" src=\"https:\/\/hermesconsolidated.com\/wp-content\/uploads\/2025\/04\/marketing-3724797_1280-1.jpg\" data-object-fit=\"cover\" srcset=\"https:\/\/hermesconsolidated.com\/wp-content\/uploads\/2025\/04\/marketing-3724797_1280-1.jpg 1280w, https:\/\/hermesconsolidated.com\/wp-content\/uploads\/2025\/04\/marketing-3724797_1280-1-300x200.jpg 300w, https:\/\/hermesconsolidated.com\/wp-content\/uploads\/2025\/04\/marketing-3724797_1280-1-1024x682.jpg 1024w, https:\/\/hermesconsolidated.com\/wp-content\/uploads\/2025\/04\/marketing-3724797_1280-1-768x512.jpg 768w, https:\/\/hermesconsolidated.com\/wp-content\/uploads\/2025\/04\/marketing-3724797_1280-1-18x12.jpg 18w, https:\/\/hermesconsolidated.com\/wp-content\/uploads\/2025\/04\/marketing-3724797_1280-1-1170x780.jpg 1170w\" sizes=\"auto, (max-width: 1280px) 100vw, 1280px\" \/><div class=\"wp-block-cover__inner-container is-layout-constrained wp-block-cover-is-layout-constrained\">\n<h2 class=\"wp-block-heading has-text-align-center has-large-font-size\"><strong>ASSESSORAMENT COMPTABLE<\/strong> A SABADELL<\/h2>\n<\/div><\/div>\n\n\n\n<div style=\"height:10px\" aria-hidden=\"true\" class=\"wp-block-spacer\"><\/div>\n\n\n\n<div class=\"wp-block-group alignfull is-layout-constrained wp-block-group-is-layout-constrained\">\n<p class=\"has-text-align-left has-lead-font-size\" style=\"margin-top:var(--wp--preset--spacing--50);margin-right:0px;margin-bottom:var(--wp--preset--spacing--50);margin-left:0px\">A Hermes Consolidated, oferim solucions comptables flexibles i adaptades a cada necessitat. Ja sigui que necessitis gesti\u00f3 in-company, externalitzaci\u00f3 de l'\u00e0rea comptable o la seva supervisi\u00f3, implementem solucions tecnol\u00f2giques que faciliten la col\u00b7laboraci\u00f3 entre la teva empresa i Sabadell T\u00e8cnics Assessors. Descobreix com els nostres serveis comptables poden ajudar-te a mantenir les teves finances en ordre i a prendre decisions informades.<\/p>\n\n\n\n<div style=\"height:10px\" aria-hidden=\"true\" class=\"wp-block-spacer\"><\/div>\n\n\n\n<h3 class=\"wp-block-heading\">T'assessorem amb:<\/h3>\n\n\n\n<div class=\"wp-block-columns is-layout-flex wp-container-core-columns-is-layout-28f84493 wp-block-columns-is-layout-flex\">\n<div class=\"wp-block-column has-light-background-color has-background is-layout-constrained wp-container-core-column-is-layout-7bf11a4c wp-block-column-is-layout-constrained\" style=\"border-radius:20px;padding-top:var(--wp--preset--spacing--50);padding-right:var(--wp--preset--spacing--40);padding-bottom:var(--wp--preset--spacing--50);padding-left:var(--wp--preset--spacing--40)\">\n<h3 class=\"wp-block-heading has-text-align-center\">Facturaci\u00f3<\/h3>\n\n\n\n<p>Ens encarreguem de la teva facturaci\u00f3 de manera precisa i eficient, facilitant l'emissi\u00f3, registre i control de factures. Simplifiquem els teus processos administratius perqu\u00e8 puguis concentrar-te en fer cr\u00e9ixer el teu negoci.<\/p>\n<\/div>\n\n\n\n<div class=\"wp-block-column has-text-lighter-background-color has-background is-layout-constrained wp-container-core-column-is-layout-7bf11a4c wp-block-column-is-layout-constrained\" style=\"border-radius:20px;padding-top:var(--wp--preset--spacing--50);padding-right:var(--wp--preset--spacing--40);padding-bottom:var(--wp--preset--spacing--50);padding-left:var(--wp--preset--spacing--40)\">\n<h3 class=\"wp-block-heading has-text-align-center\">Registre Comptable<\/h3>\n\n\n\n<p>Portem la teva comptabilitat de forma precisa i organitzada, garantint un seguiment detallat de totes les teves operacions. Aix\u00ed, tindr\u00e0s una visi\u00f3 clara i actualitzada de la situaci\u00f3 financera de la teva empresa.<\/p>\n<\/div>\n\n\n\n<div class=\"wp-block-column has-light-background-color has-background is-layout-constrained wp-container-core-column-is-layout-7bf11a4c wp-block-column-is-layout-constrained\" style=\"border-radius:20px;padding-top:var(--wp--preset--spacing--50);padding-right:var(--wp--preset--spacing--40);padding-bottom:var(--wp--preset--spacing--50);padding-left:var(--wp--preset--spacing--40)\">\n<h3 class=\"wp-block-heading has-text-align-center\">Informes de gesti\u00f3<\/h3>\n\n\n\n<p>Elaborem informes de gesti\u00f3 detallats i precisos, proporcionant una visi\u00f3 completa de les teves operacions financeres. Aquests informes t'ajudaran a prendre decisions estrat\u00e8giques informades pel creixement i la sostenibilitat del teu negoci.<\/p>\n<\/div>\n<\/div>\n<\/div>\n\n\n\n<hr class=\"wp-block-separator has-text-color has-text-lighter-color has-alpha-channel-opacity has-text-lighter-background-color has-background is-style-wide\" style=\"margin-top:var(--wp--preset--spacing--60);margin-bottom:var(--wp--preset--spacing--60)\"\/>\n\n\n\n<div class=\"wp-block-cover alignfull\" style=\"margin-bottom:-50px\"><span aria-hidden=\"true\" class=\"wp-block-cover__background has-dark-background-color has-background-dim-60 has-background-dim\"><\/span><img loading=\"lazy\" decoding=\"async\" width=\"1280\" height=\"850\" class=\"wp-block-cover__image-background wp-image-109\" alt=\"\" src=\"https:\/\/hermesconsolidated.com\/wp-content\/uploads\/2025\/04\/office-620817_1280.jpg\" data-object-fit=\"cover\" srcset=\"https:\/\/hermesconsolidated.com\/wp-content\/uploads\/2025\/04\/office-620817_1280.jpg 1280w, https:\/\/hermesconsolidated.com\/wp-content\/uploads\/2025\/04\/office-620817_1280-300x199.jpg 300w, https:\/\/hermesconsolidated.com\/wp-content\/uploads\/2025\/04\/office-620817_1280-1024x680.jpg 1024w, https:\/\/hermesconsolidated.com\/wp-content\/uploads\/2025\/04\/office-620817_1280-768x510.jpg 768w, https:\/\/hermesconsolidated.com\/wp-content\/uploads\/2025\/04\/office-620817_1280-18x12.jpg 18w, https:\/\/hermesconsolidated.com\/wp-content\/uploads\/2025\/04\/office-620817_1280-1170x777.jpg 1170w\" sizes=\"auto, (max-width: 1280px) 100vw, 1280px\" \/><div class=\"wp-block-cover__inner-container is-layout-constrained wp-block-cover-is-layout-constrained\">\n<h4 class=\"wp-block-heading has-text-align-center has-background-color has-text-color has-link-color has-large-font-size wp-elements-d3b0e7368b43c30c625864ffc371f704\">Necessites m\u00e9s informaci\u00f3 o vols contractar els nostres serveis?<\/h4>\n\n\n\n<div class=\"wp-block-buttons is-content-justification-center is-layout-flex wp-container-core-buttons-is-layout-a89b3969 wp-block-buttons-is-layout-flex\">\n<div class=\"wp-block-button is-style-ona-button-arrow-icon\"><a class=\"wp-block-button__link has-background-color has-primary-background-color has-text-color has-background has-link-color wp-element-button\">Contactar<\/a><\/div>\n<\/div>\n<\/div><\/div>","protected":false},"excerpt":{"rendered":"<p>En Hermes Consolidated, ofrecemos soluciones contables flexibles y adaptadas a cada necesidad. Ya sea que necesites gesti\u00f3n in-company, externalizaci\u00f3n del \u00e1rea contable o su supervisi\u00f3n, implementamos soluciones tecnol\u00f3gicas que facilitan la colaboraci\u00f3n entre tu empresa y Sabadell T\u00e8cnics Assessors. Descubre c\u00f3mo nuestros servicios contables pueden ayudarte a mantener tus finanzas en orden y a tomar [&hellip;]<\/p>\n","protected":false},"author":1,"featured_media":0,"parent":0,"menu_order":0,"comment_status":"closed","ping_status":"closed","template":"","meta":{"footnotes":""},"class_list":["post-33","page","type-page","status-publish","hentry"],"yoast_head":"<!-- This site is optimized with the Yoast SEO plugin v27.4 - https:\/\/yoast.com\/product\/yoast-seo-wordpress\/ -->\n<title>Asesor\u00eda contable - Hermes Consolidated<\/title>\n<meta name=\"robots\" content=\"index, follow, max-snippet:-1, max-image-preview:large, max-video-preview:-1\" \/>\n<link rel=\"canonical\" href=\"https:\/\/hermesconsolidated.com\/ca\/asesoria-contable\/\" \/>\n<meta property=\"og:locale\" content=\"ca_ES\" \/>\n<meta property=\"og:type\" content=\"article\" \/>\n<meta property=\"og:title\" content=\"Asesor\u00eda contable - Hermes Consolidated\" \/>\n<meta property=\"og:description\" content=\"En Hermes Consolidated, ofrecemos soluciones contables flexibles y adaptadas a cada necesidad. Ya sea que necesites gesti\u00f3n in-company, externalizaci\u00f3n del \u00e1rea contable o su supervisi\u00f3n, implementamos soluciones tecnol\u00f3gicas que facilitan la colaboraci\u00f3n entre tu empresa y Sabadell T\u00e8cnics Assessors. Descubre c\u00f3mo nuestros servicios contables pueden ayudarte a mantener tus finanzas en orden y a tomar [&hellip;]\" \/>\n<meta property=\"og:url\" content=\"https:\/\/hermesconsolidated.com\/ca\/asesoria-contable\/\" \/>\n<meta property=\"og:site_name\" content=\"Hermes Consolidated\" \/>\n<meta property=\"article:modified_time\" content=\"2025-04-15T13:50:52+00:00\" \/>\n<meta property=\"og:image\" content=\"https:\/\/hermesconsolidated.com\/wp-content\/uploads\/2025\/04\/marketing-3724797_1280-1.jpg\" \/>\n<meta name=\"twitter:card\" content=\"summary_large_image\" \/>\n<meta name=\"twitter:label1\" content=\"Temps estimat de lectura\" \/>\n\t<meta name=\"twitter:data1\" content=\"2 minuts\" \/>\n<script type=\"application\/ld+json\" class=\"yoast-schema-graph\">{\"@context\":\"https:\\\/\\\/schema.org\",\"@graph\":[{\"@type\":\"WebPage\",\"@id\":\"https:\\\/\\\/hermesconsolidated.com\\\/asesoria-contable\\\/\",\"url\":\"https:\\\/\\\/hermesconsolidated.com\\\/asesoria-contable\\\/\",\"name\":\"Asesor\u00eda contable - Hermes Consolidated\",\"isPartOf\":{\"@id\":\"https:\\\/\\\/hermesconsolidated.com\\\/#website\"},\"primaryImageOfPage\":{\"@id\":\"https:\\\/\\\/hermesconsolidated.com\\\/asesoria-contable\\\/#primaryimage\"},\"image\":{\"@id\":\"https:\\\/\\\/hermesconsolidated.com\\\/asesoria-contable\\\/#primaryimage\"},\"thumbnailUrl\":\"https:\\\/\\\/hermesconsolidated.com\\\/wp-content\\\/uploads\\\/2025\\\/04\\\/marketing-3724797_1280-1.jpg\",\"datePublished\":\"2025-04-15T12:13:25+00:00\",\"dateModified\":\"2025-04-15T13:50:52+00:00\",\"breadcrumb\":{\"@id\":\"https:\\\/\\\/hermesconsolidated.com\\\/asesoria-contable\\\/#breadcrumb\"},\"inLanguage\":\"ca\",\"potentialAction\":[{\"@type\":\"ReadAction\",\"target\":[\"https:\\\/\\\/hermesconsolidated.com\\\/asesoria-contable\\\/\"]}]},{\"@type\":\"ImageObject\",\"inLanguage\":\"ca\",\"@id\":\"https:\\\/\\\/hermesconsolidated.com\\\/asesoria-contable\\\/#primaryimage\",\"url\":\"https:\\\/\\\/hermesconsolidated.com\\\/wp-content\\\/uploads\\\/2025\\\/04\\\/marketing-3724797_1280-1.jpg\",\"contentUrl\":\"https:\\\/\\\/hermesconsolidated.com\\\/wp-content\\\/uploads\\\/2025\\\/04\\\/marketing-3724797_1280-1.jpg\"},{\"@type\":\"BreadcrumbList\",\"@id\":\"https:\\\/\\\/hermesconsolidated.com\\\/asesoria-contable\\\/#breadcrumb\",\"itemListElement\":[{\"@type\":\"ListItem\",\"position\":1,\"name\":\"Portada\",\"item\":\"https:\\\/\\\/hermesconsolidated.com\\\/\"},{\"@type\":\"ListItem\",\"position\":2,\"name\":\"Asesor\u00eda contable\"}]},{\"@type\":\"WebSite\",\"@id\":\"https:\\\/\\\/hermesconsolidated.com\\\/#website\",\"url\":\"https:\\\/\\\/hermesconsolidated.com\\\/\",\"name\":\"Hermes Consolidated\",\"description\":\"Servicios de asesor\u00eda para empresas en Sabadell\",\"publisher\":{\"@id\":\"https:\\\/\\\/hermesconsolidated.com\\\/#organization\"},\"potentialAction\":[{\"@type\":\"SearchAction\",\"target\":{\"@type\":\"EntryPoint\",\"urlTemplate\":\"https:\\\/\\\/hermesconsolidated.com\\\/?s={search_term_string}\"},\"query-input\":{\"@type\":\"PropertyValueSpecification\",\"valueRequired\":true,\"valueName\":\"search_term_string\"}}],\"inLanguage\":\"ca\"},{\"@type\":\"Organization\",\"@id\":\"https:\\\/\\\/hermesconsolidated.com\\\/#organization\",\"name\":\"Hermes Consolidated\",\"url\":\"https:\\\/\\\/hermesconsolidated.com\\\/\",\"logo\":{\"@type\":\"ImageObject\",\"inLanguage\":\"ca\",\"@id\":\"https:\\\/\\\/hermesconsolidated.com\\\/#\\\/schema\\\/logo\\\/image\\\/\",\"url\":\"https:\\\/\\\/hermesconsolidated.com\\\/wp-content\\\/uploads\\\/2025\\\/04\\\/cropped-upscalemedia-transformed.png\",\"contentUrl\":\"https:\\\/\\\/hermesconsolidated.com\\\/wp-content\\\/uploads\\\/2025\\\/04\\\/cropped-upscalemedia-transformed.png\",\"width\":512,\"height\":512,\"caption\":\"Hermes Consolidated\"},\"image\":{\"@id\":\"https:\\\/\\\/hermesconsolidated.com\\\/#\\\/schema\\\/logo\\\/image\\\/\"}}]}<\/script>\n<!-- \/ Yoast SEO plugin. -->","yoast_head_json":{"title":"Asesor\u00eda contable - Hermes Consolidated","robots":{"index":"index","follow":"follow","max-snippet":"max-snippet:-1","max-image-preview":"max-image-preview:large","max-video-preview":"max-video-preview:-1"},"canonical":"https:\/\/hermesconsolidated.com\/ca\/asesoria-contable\/","og_locale":"ca_ES","og_type":"article","og_title":"Asesor\u00eda contable - Hermes Consolidated","og_description":"En Hermes Consolidated, ofrecemos soluciones contables flexibles y adaptadas a cada necesidad. Ya sea que necesites gesti\u00f3n in-company, externalizaci\u00f3n del \u00e1rea contable o su supervisi\u00f3n, implementamos soluciones tecnol\u00f3gicas que facilitan la colaboraci\u00f3n entre tu empresa y Sabadell T\u00e8cnics Assessors. Descubre c\u00f3mo nuestros servicios contables pueden ayudarte a mantener tus finanzas en orden y a tomar [&hellip;]","og_url":"https:\/\/hermesconsolidated.com\/ca\/asesoria-contable\/","og_site_name":"Hermes Consolidated","article_modified_time":"2025-04-15T13:50:52+00:00","og_image":[{"url":"https:\/\/hermesconsolidated.com\/wp-content\/uploads\/2025\/04\/marketing-3724797_1280-1.jpg","type":"","width":"","height":""}],"twitter_card":"summary_large_image","twitter_misc":{"Temps estimat de lectura":"2 minuts"},"schema":{"@context":"https:\/\/schema.org","@graph":[{"@type":"WebPage","@id":"https:\/\/hermesconsolidated.com\/asesoria-contable\/","url":"https:\/\/hermesconsolidated.com\/asesoria-contable\/","name":"Asesor\u00eda contable - Hermes Consolidated","isPartOf":{"@id":"https:\/\/hermesconsolidated.com\/#website"},"primaryImageOfPage":{"@id":"https:\/\/hermesconsolidated.com\/asesoria-contable\/#primaryimage"},"image":{"@id":"https:\/\/hermesconsolidated.com\/asesoria-contable\/#primaryimage"},"thumbnailUrl":"https:\/\/hermesconsolidated.com\/wp-content\/uploads\/2025\/04\/marketing-3724797_1280-1.jpg","datePublished":"2025-04-15T12:13:25+00:00","dateModified":"2025-04-15T13:50:52+00:00","breadcrumb":{"@id":"https:\/\/hermesconsolidated.com\/asesoria-contable\/#breadcrumb"},"inLanguage":"ca","potentialAction":[{"@type":"ReadAction","target":["https:\/\/hermesconsolidated.com\/asesoria-contable\/"]}]},{"@type":"ImageObject","inLanguage":"ca","@id":"https:\/\/hermesconsolidated.com\/asesoria-contable\/#primaryimage","url":"https:\/\/hermesconsolidated.com\/wp-content\/uploads\/2025\/04\/marketing-3724797_1280-1.jpg","contentUrl":"https:\/\/hermesconsolidated.com\/wp-content\/uploads\/2025\/04\/marketing-3724797_1280-1.jpg"},{"@type":"BreadcrumbList","@id":"https:\/\/hermesconsolidated.com\/asesoria-contable\/#breadcrumb","itemListElement":[{"@type":"ListItem","position":1,"name":"Portada","item":"https:\/\/hermesconsolidated.com\/"},{"@type":"ListItem","position":2,"name":"Asesor\u00eda contable"}]},{"@type":"WebSite","@id":"https:\/\/hermesconsolidated.com\/#website","url":"https:\/\/hermesconsolidated.com\/","name":"Hermes Consolidated","description":"Servicios de asesor\u00eda para empresas en Sabadell","publisher":{"@id":"https:\/\/hermesconsolidated.com\/#organization"},"potentialAction":[{"@type":"SearchAction","target":{"@type":"EntryPoint","urlTemplate":"https:\/\/hermesconsolidated.com\/?s={search_term_string}"},"query-input":{"@type":"PropertyValueSpecification","valueRequired":true,"valueName":"search_term_string"}}],"inLanguage":"ca"},{"@type":"Organization","@id":"https:\/\/hermesconsolidated.com\/#organization","name":"Hermes Consolidated","url":"https:\/\/hermesconsolidated.com\/","logo":{"@type":"ImageObject","inLanguage":"ca","@id":"https:\/\/hermesconsolidated.com\/#\/schema\/logo\/image\/","url":"https:\/\/hermesconsolidated.com\/wp-content\/uploads\/2025\/04\/cropped-upscalemedia-transformed.png","contentUrl":"https:\/\/hermesconsolidated.com\/wp-content\/uploads\/2025\/04\/cropped-upscalemedia-transformed.png","width":512,"height":512,"caption":"Hermes Consolidated"},"image":{"@id":"https:\/\/hermesconsolidated.com\/#\/schema\/logo\/image\/"}}]}},"_links":{"self":[{"href":"https:\/\/hermesconsolidated.com\/ca\/wp-json\/wp\/v2\/pages\/33","targetHints":{"allow":["GET"]}}],"collection":[{"href":"https:\/\/hermesconsolidated.com\/ca\/wp-json\/wp\/v2\/pages"}],"about":[{"href":"https:\/\/hermesconsolidated.com\/ca\/wp-json\/wp\/v2\/types\/page"}],"author":[{"embeddable":true,"href":"https:\/\/hermesconsolidated.com\/ca\/wp-json\/wp\/v2\/users\/1"}],"replies":[{"embeddable":true,"href":"https:\/\/hermesconsolidated.com\/ca\/wp-json\/wp\/v2\/comments?post=33"}],"version-history":[{"count":2,"href":"https:\/\/hermesconsolidated.com\/ca\/wp-json\/wp\/v2\/pages\/33\/revisions"}],"predecessor-version":[{"id":129,"href":"https:\/\/hermesconsolidated.com\/ca\/wp-json\/wp\/v2\/pages\/33\/revisions\/129"}],"wp:attachment":[{"href":"https:\/\/hermesconsolidated.com\/ca\/wp-json\/wp\/v2\/media?parent=33"}],"curies":[{"name":"wp","href":"https:\/\/api.w.org\/{rel}","templated":true}]}}