{"id":31,"date":"2025-04-15T12:13:06","date_gmt":"2025-04-15T12:13:06","guid":{"rendered":"https:\/\/hermesconsolidated.com\/?page_id=31"},"modified":"2025-04-15T13:49:25","modified_gmt":"2025-04-15T13:49:25","slug":"asesoria-financiera","status":"publish","type":"page","link":"https:\/\/hermesconsolidated.com\/ca\/asesoria-financiera\/","title":{"rendered":"Assessoria financera"},"content":{"rendered":"<div class=\"wp-block-cover alignfull is-light is-style-default\" style=\"min-height:430px;aspect-ratio:unset;\"><span aria-hidden=\"true\" class=\"wp-block-cover__background has-text-lighter-background-color has-background-dim\"><\/span><img loading=\"lazy\" decoding=\"async\" width=\"1280\" height=\"717\" class=\"wp-block-cover__image-background wp-image-124\" alt=\"\" src=\"https:\/\/hermesconsolidated.com\/wp-content\/uploads\/2025\/04\/business-8941862_1280-1.jpg\" data-object-fit=\"cover\" srcset=\"https:\/\/hermesconsolidated.com\/wp-content\/uploads\/2025\/04\/business-8941862_1280-1.jpg 1280w, https:\/\/hermesconsolidated.com\/wp-content\/uploads\/2025\/04\/business-8941862_1280-1-300x168.jpg 300w, https:\/\/hermesconsolidated.com\/wp-content\/uploads\/2025\/04\/business-8941862_1280-1-1024x574.jpg 1024w, https:\/\/hermesconsolidated.com\/wp-content\/uploads\/2025\/04\/business-8941862_1280-1-768x430.jpg 768w, https:\/\/hermesconsolidated.com\/wp-content\/uploads\/2025\/04\/business-8941862_1280-1-18x10.jpg 18w, https:\/\/hermesconsolidated.com\/wp-content\/uploads\/2025\/04\/business-8941862_1280-1-1170x655.jpg 1170w\" sizes=\"auto, (max-width: 1280px) 100vw, 1280px\" \/><div class=\"wp-block-cover__inner-container is-layout-constrained wp-block-cover-is-layout-constrained\">\n<h2 class=\"wp-block-heading has-text-align-center has-large-font-size\"><strong>ASSESSORAMENT FINANCER<\/strong> A SABADELL<\/h2>\n<\/div><\/div>\n\n\n\n<div style=\"height:10px\" aria-hidden=\"true\" class=\"wp-block-spacer\"><\/div>\n\n\n\n<div class=\"wp-block-group alignfull is-layout-constrained wp-block-group-is-layout-constrained\">\n<p class=\"has-lead-font-size\" style=\"margin-top:var(--wp--preset--spacing--50);margin-right:0px;margin-bottom:var(--wp--preset--spacing--50);margin-left:0px\">A Hermes Consolidated, oferim una assessoria financera integral per empreses a Sabadell. El nostre equip d'experts financers est\u00e0 aqu\u00ed per ajudar-te a planificar, gestionar i optimitzar els teus recursos econ\u00f2mics. Amb les nostres estrat\u00e8gies personalitzades, pots assegurar-te de que els teus diners treballin per tu i la teva empresa.<\/p>\n\n\n\n<div style=\"height:10px\" aria-hidden=\"true\" class=\"wp-block-spacer\"><\/div>\n\n\n\n<h3 class=\"wp-block-heading\">T'assessorem amb:<\/h3>\n\n\n\n<div class=\"wp-block-columns is-layout-flex wp-container-core-columns-is-layout-28f84493 wp-block-columns-is-layout-flex\">\n<div class=\"wp-block-column has-text-lighter-background-color has-background is-layout-constrained wp-container-core-column-is-layout-7bf11a4c wp-block-column-is-layout-constrained\" style=\"border-radius:20px;padding-top:var(--wp--preset--spacing--50);padding-right:var(--wp--preset--spacing--40);padding-bottom:var(--wp--preset--spacing--50);padding-left:var(--wp--preset--spacing--40)\">\n<h3 class=\"wp-block-heading has-text-align-center\">Planificaci\u00f3 financera<\/h3>\n\n\n\n<p>T'ajudem a planificar el teu futur financer amb estrat\u00e8gies personalitzades que et permetin aconseguir els teus objectius econ\u00f2mics a curt i llarg termini. Assegura't de que els teus diners treballin per tu.<\/p>\n<\/div>\n\n\n\n<div class=\"wp-block-column has-light-background-color has-background is-layout-constrained wp-container-core-column-is-layout-7bf11a4c wp-block-column-is-layout-constrained\" style=\"border-radius:20px;padding-top:var(--wp--preset--spacing--50);padding-right:var(--wp--preset--spacing--40);padding-bottom:var(--wp--preset--spacing--50);padding-left:var(--wp--preset--spacing--40)\">\n<h3 class=\"wp-block-heading has-text-align-center\">Gesti\u00f3 de patrimoni<\/h3>\n\n\n\n<p>Ens encarreguem de gestionar el teu patrimoni de manera eficient i segura, maximitzant les teves inversions i protegint els teus actius. Confia en nosaltres per cuidar el que has constru\u00eft.<\/p>\n<\/div>\n\n\n\n<div class=\"wp-block-column has-text-lighter-background-color has-background is-layout-constrained wp-container-core-column-is-layout-7bf11a4c wp-block-column-is-layout-constrained\" style=\"border-radius:20px;padding-top:var(--wp--preset--spacing--50);padding-right:var(--wp--preset--spacing--40);padding-bottom:var(--wp--preset--spacing--50);padding-left:var(--wp--preset--spacing--40)\">\n<h3 class=\"wp-block-heading has-text-align-center\">Finances corporatives<\/h3>\n\n\n\n<p>Oferim assessorament expert en finances corporatives per optimitzar l'estructura financera de la teva empresa. Estem aqu\u00ed per ajudar-te a prendre les millors decisions financeres.<\/p>\n<\/div>\n<\/div>\n<\/div>\n\n\n\n<hr class=\"wp-block-separator has-text-color has-text-lighter-color has-alpha-channel-opacity has-text-lighter-background-color has-background is-style-wide\" style=\"margin-top:var(--wp--preset--spacing--60);margin-bottom:var(--wp--preset--spacing--60)\"\/>\n\n\n\n<div class=\"wp-block-cover alignfull\" style=\"margin-bottom:-50px\"><span aria-hidden=\"true\" class=\"wp-block-cover__background has-dark-background-color has-background-dim-60 has-background-dim\"><\/span><img loading=\"lazy\" decoding=\"async\" width=\"1280\" height=\"850\" class=\"wp-block-cover__image-background wp-image-109\" alt=\"\" src=\"https:\/\/hermesconsolidated.com\/wp-content\/uploads\/2025\/04\/office-620817_1280.jpg\" data-object-fit=\"cover\" srcset=\"https:\/\/hermesconsolidated.com\/wp-content\/uploads\/2025\/04\/office-620817_1280.jpg 1280w, https:\/\/hermesconsolidated.com\/wp-content\/uploads\/2025\/04\/office-620817_1280-300x199.jpg 300w, https:\/\/hermesconsolidated.com\/wp-content\/uploads\/2025\/04\/office-620817_1280-1024x680.jpg 1024w, https:\/\/hermesconsolidated.com\/wp-content\/uploads\/2025\/04\/office-620817_1280-768x510.jpg 768w, https:\/\/hermesconsolidated.com\/wp-content\/uploads\/2025\/04\/office-620817_1280-18x12.jpg 18w, https:\/\/hermesconsolidated.com\/wp-content\/uploads\/2025\/04\/office-620817_1280-1170x777.jpg 1170w\" sizes=\"auto, (max-width: 1280px) 100vw, 1280px\" \/><div class=\"wp-block-cover__inner-container is-layout-constrained wp-block-cover-is-layout-constrained\">\n<h4 class=\"wp-block-heading has-text-align-center has-background-color has-text-color has-link-color has-large-font-size wp-elements-d3b0e7368b43c30c625864ffc371f704\">Necessites m\u00e9s informaci\u00f3 o vols contractar els nostres serveis?<\/h4>\n\n\n\n<div class=\"wp-block-buttons is-content-justification-center is-layout-flex wp-container-core-buttons-is-layout-a89b3969 wp-block-buttons-is-layout-flex\">\n<div class=\"wp-block-button is-style-ona-button-arrow-icon\"><a class=\"wp-block-button__link has-background-color has-primary-background-color has-text-color has-background has-link-color wp-element-button\">Contactar<\/a><\/div>\n<\/div>\n<\/div><\/div>","protected":false},"excerpt":{"rendered":"<p>En Hermes Consolidated, ofrecemos una asesor\u00eda financiera integral para empresas en Sabadell. Nuestro equipo de expertos financieros est\u00e1 aqu\u00ed para ayudarte a planificar, gestionar y optimizar tus recursos econ\u00f3micos. Con nuestras estrategias personalizadas, puedes asegurarte de que tu dinero trabaje para ti y tu empresa. Te asesoramos con: Planificaci\u00f3n financiera Te ayudamos a planificar tu [&hellip;]<\/p>\n","protected":false},"author":1,"featured_media":0,"parent":0,"menu_order":0,"comment_status":"closed","ping_status":"closed","template":"","meta":{"footnotes":""},"class_list":["post-31","page","type-page","status-publish","hentry"],"yoast_head":"<!-- This site is optimized with the Yoast SEO plugin v27.4 - https:\/\/yoast.com\/product\/yoast-seo-wordpress\/ -->\n<title>Asesor\u00eda financiera - Hermes Consolidated<\/title>\n<meta name=\"robots\" content=\"index, follow, max-snippet:-1, max-image-preview:large, max-video-preview:-1\" \/>\n<link rel=\"canonical\" href=\"https:\/\/hermesconsolidated.com\/ca\/asesoria-financiera\/\" \/>\n<meta property=\"og:locale\" content=\"ca_ES\" \/>\n<meta property=\"og:type\" content=\"article\" \/>\n<meta property=\"og:title\" content=\"Asesor\u00eda financiera - Hermes Consolidated\" \/>\n<meta property=\"og:description\" content=\"En Hermes Consolidated, ofrecemos una asesor\u00eda financiera integral para empresas en Sabadell. Nuestro equipo de expertos financieros est\u00e1 aqu\u00ed para ayudarte a planificar, gestionar y optimizar tus recursos econ\u00f3micos. Con nuestras estrategias personalizadas, puedes asegurarte de que tu dinero trabaje para ti y tu empresa. Te asesoramos con: Planificaci\u00f3n financiera Te ayudamos a planificar tu [&hellip;]\" \/>\n<meta property=\"og:url\" content=\"https:\/\/hermesconsolidated.com\/ca\/asesoria-financiera\/\" \/>\n<meta property=\"og:site_name\" content=\"Hermes Consolidated\" \/>\n<meta property=\"article:modified_time\" content=\"2025-04-15T13:49:25+00:00\" \/>\n<meta property=\"og:image\" content=\"https:\/\/hermesconsolidated.com\/wp-content\/uploads\/2025\/04\/business-8941862_1280-1.jpg\" \/>\n<meta name=\"twitter:card\" content=\"summary_large_image\" \/>\n<meta name=\"twitter:label1\" content=\"Temps estimat de lectura\" \/>\n\t<meta name=\"twitter:data1\" content=\"2 minuts\" \/>\n<script type=\"application\/ld+json\" class=\"yoast-schema-graph\">{\"@context\":\"https:\\\/\\\/schema.org\",\"@graph\":[{\"@type\":\"WebPage\",\"@id\":\"https:\\\/\\\/hermesconsolidated.com\\\/ca\\\/asesoria-financiera\\\/\",\"url\":\"https:\\\/\\\/hermesconsolidated.com\\\/ca\\\/asesoria-financiera\\\/\",\"name\":\"Asesor\u00eda financiera - Hermes Consolidated\",\"isPartOf\":{\"@id\":\"https:\\\/\\\/hermesconsolidated.com\\\/#website\"},\"primaryImageOfPage\":{\"@id\":\"https:\\\/\\\/hermesconsolidated.com\\\/ca\\\/asesoria-financiera\\\/#primaryimage\"},\"image\":{\"@id\":\"https:\\\/\\\/hermesconsolidated.com\\\/ca\\\/asesoria-financiera\\\/#primaryimage\"},\"thumbnailUrl\":\"https:\\\/\\\/hermesconsolidated.com\\\/wp-content\\\/uploads\\\/2025\\\/04\\\/business-8941862_1280-1.jpg\",\"datePublished\":\"2025-04-15T12:13:06+00:00\",\"dateModified\":\"2025-04-15T13:49:25+00:00\",\"breadcrumb\":{\"@id\":\"https:\\\/\\\/hermesconsolidated.com\\\/ca\\\/asesoria-financiera\\\/#breadcrumb\"},\"inLanguage\":\"ca\",\"potentialAction\":[{\"@type\":\"ReadAction\",\"target\":[\"https:\\\/\\\/hermesconsolidated.com\\\/ca\\\/asesoria-financiera\\\/\"]}]},{\"@type\":\"ImageObject\",\"inLanguage\":\"ca\",\"@id\":\"https:\\\/\\\/hermesconsolidated.com\\\/ca\\\/asesoria-financiera\\\/#primaryimage\",\"url\":\"https:\\\/\\\/hermesconsolidated.com\\\/wp-content\\\/uploads\\\/2025\\\/04\\\/business-8941862_1280-1.jpg\",\"contentUrl\":\"https:\\\/\\\/hermesconsolidated.com\\\/wp-content\\\/uploads\\\/2025\\\/04\\\/business-8941862_1280-1.jpg\"},{\"@type\":\"BreadcrumbList\",\"@id\":\"https:\\\/\\\/hermesconsolidated.com\\\/ca\\\/asesoria-financiera\\\/#breadcrumb\",\"itemListElement\":[{\"@type\":\"ListItem\",\"position\":1,\"name\":\"Portada\",\"item\":\"https:\\\/\\\/hermesconsolidated.com\\\/\"},{\"@type\":\"ListItem\",\"position\":2,\"name\":\"Asesor\u00eda financiera\"}]},{\"@type\":\"WebSite\",\"@id\":\"https:\\\/\\\/hermesconsolidated.com\\\/#website\",\"url\":\"https:\\\/\\\/hermesconsolidated.com\\\/\",\"name\":\"Hermes Consolidated\",\"description\":\"Servicios de asesor\u00eda para empresas en Sabadell\",\"publisher\":{\"@id\":\"https:\\\/\\\/hermesconsolidated.com\\\/#organization\"},\"potentialAction\":[{\"@type\":\"SearchAction\",\"target\":{\"@type\":\"EntryPoint\",\"urlTemplate\":\"https:\\\/\\\/hermesconsolidated.com\\\/?s={search_term_string}\"},\"query-input\":{\"@type\":\"PropertyValueSpecification\",\"valueRequired\":true,\"valueName\":\"search_term_string\"}}],\"inLanguage\":\"ca\"},{\"@type\":\"Organization\",\"@id\":\"https:\\\/\\\/hermesconsolidated.com\\\/#organization\",\"name\":\"Hermes Consolidated\",\"url\":\"https:\\\/\\\/hermesconsolidated.com\\\/\",\"logo\":{\"@type\":\"ImageObject\",\"inLanguage\":\"ca\",\"@id\":\"https:\\\/\\\/hermesconsolidated.com\\\/#\\\/schema\\\/logo\\\/image\\\/\",\"url\":\"https:\\\/\\\/hermesconsolidated.com\\\/wp-content\\\/uploads\\\/2025\\\/04\\\/cropped-upscalemedia-transformed.png\",\"contentUrl\":\"https:\\\/\\\/hermesconsolidated.com\\\/wp-content\\\/uploads\\\/2025\\\/04\\\/cropped-upscalemedia-transformed.png\",\"width\":512,\"height\":512,\"caption\":\"Hermes Consolidated\"},\"image\":{\"@id\":\"https:\\\/\\\/hermesconsolidated.com\\\/#\\\/schema\\\/logo\\\/image\\\/\"}}]}<\/script>\n<!-- \/ Yoast SEO plugin. -->","yoast_head_json":{"title":"Asesor\u00eda financiera - Hermes Consolidated","robots":{"index":"index","follow":"follow","max-snippet":"max-snippet:-1","max-image-preview":"max-image-preview:large","max-video-preview":"max-video-preview:-1"},"canonical":"https:\/\/hermesconsolidated.com\/ca\/asesoria-financiera\/","og_locale":"ca_ES","og_type":"article","og_title":"Asesor\u00eda financiera - Hermes Consolidated","og_description":"En Hermes Consolidated, ofrecemos una asesor\u00eda financiera integral para empresas en Sabadell. Nuestro equipo de expertos financieros est\u00e1 aqu\u00ed para ayudarte a planificar, gestionar y optimizar tus recursos econ\u00f3micos. Con nuestras estrategias personalizadas, puedes asegurarte de que tu dinero trabaje para ti y tu empresa. Te asesoramos con: Planificaci\u00f3n financiera Te ayudamos a planificar tu [&hellip;]","og_url":"https:\/\/hermesconsolidated.com\/ca\/asesoria-financiera\/","og_site_name":"Hermes Consolidated","article_modified_time":"2025-04-15T13:49:25+00:00","og_image":[{"url":"https:\/\/hermesconsolidated.com\/wp-content\/uploads\/2025\/04\/business-8941862_1280-1.jpg","type":"","width":"","height":""}],"twitter_card":"summary_large_image","twitter_misc":{"Temps estimat de lectura":"2 minuts"},"schema":{"@context":"https:\/\/schema.org","@graph":[{"@type":"WebPage","@id":"https:\/\/hermesconsolidated.com\/ca\/asesoria-financiera\/","url":"https:\/\/hermesconsolidated.com\/ca\/asesoria-financiera\/","name":"Asesor\u00eda financiera - Hermes Consolidated","isPartOf":{"@id":"https:\/\/hermesconsolidated.com\/#website"},"primaryImageOfPage":{"@id":"https:\/\/hermesconsolidated.com\/ca\/asesoria-financiera\/#primaryimage"},"image":{"@id":"https:\/\/hermesconsolidated.com\/ca\/asesoria-financiera\/#primaryimage"},"thumbnailUrl":"https:\/\/hermesconsolidated.com\/wp-content\/uploads\/2025\/04\/business-8941862_1280-1.jpg","datePublished":"2025-04-15T12:13:06+00:00","dateModified":"2025-04-15T13:49:25+00:00","breadcrumb":{"@id":"https:\/\/hermesconsolidated.com\/ca\/asesoria-financiera\/#breadcrumb"},"inLanguage":"ca","potentialAction":[{"@type":"ReadAction","target":["https:\/\/hermesconsolidated.com\/ca\/asesoria-financiera\/"]}]},{"@type":"ImageObject","inLanguage":"ca","@id":"https:\/\/hermesconsolidated.com\/ca\/asesoria-financiera\/#primaryimage","url":"https:\/\/hermesconsolidated.com\/wp-content\/uploads\/2025\/04\/business-8941862_1280-1.jpg","contentUrl":"https:\/\/hermesconsolidated.com\/wp-content\/uploads\/2025\/04\/business-8941862_1280-1.jpg"},{"@type":"BreadcrumbList","@id":"https:\/\/hermesconsolidated.com\/ca\/asesoria-financiera\/#breadcrumb","itemListElement":[{"@type":"ListItem","position":1,"name":"Portada","item":"https:\/\/hermesconsolidated.com\/"},{"@type":"ListItem","position":2,"name":"Asesor\u00eda financiera"}]},{"@type":"WebSite","@id":"https:\/\/hermesconsolidated.com\/#website","url":"https:\/\/hermesconsolidated.com\/","name":"Hermes Consolidated","description":"Servicios de asesor\u00eda para empresas en Sabadell","publisher":{"@id":"https:\/\/hermesconsolidated.com\/#organization"},"potentialAction":[{"@type":"SearchAction","target":{"@type":"EntryPoint","urlTemplate":"https:\/\/hermesconsolidated.com\/?s={search_term_string}"},"query-input":{"@type":"PropertyValueSpecification","valueRequired":true,"valueName":"search_term_string"}}],"inLanguage":"ca"},{"@type":"Organization","@id":"https:\/\/hermesconsolidated.com\/#organization","name":"Hermes Consolidated","url":"https:\/\/hermesconsolidated.com\/","logo":{"@type":"ImageObject","inLanguage":"ca","@id":"https:\/\/hermesconsolidated.com\/#\/schema\/logo\/image\/","url":"https:\/\/hermesconsolidated.com\/wp-content\/uploads\/2025\/04\/cropped-upscalemedia-transformed.png","contentUrl":"https:\/\/hermesconsolidated.com\/wp-content\/uploads\/2025\/04\/cropped-upscalemedia-transformed.png","width":512,"height":512,"caption":"Hermes Consolidated"},"image":{"@id":"https:\/\/hermesconsolidated.com\/#\/schema\/logo\/image\/"}}]}},"_links":{"self":[{"href":"https:\/\/hermesconsolidated.com\/ca\/wp-json\/wp\/v2\/pages\/31","targetHints":{"allow":["GET"]}}],"collection":[{"href":"https:\/\/hermesconsolidated.com\/ca\/wp-json\/wp\/v2\/pages"}],"about":[{"href":"https:\/\/hermesconsolidated.com\/ca\/wp-json\/wp\/v2\/types\/page"}],"author":[{"embeddable":true,"href":"https:\/\/hermesconsolidated.com\/ca\/wp-json\/wp\/v2\/users\/1"}],"replies":[{"embeddable":true,"href":"https:\/\/hermesconsolidated.com\/ca\/wp-json\/wp\/v2\/comments?post=31"}],"version-history":[{"count":2,"href":"https:\/\/hermesconsolidated.com\/ca\/wp-json\/wp\/v2\/pages\/31\/revisions"}],"predecessor-version":[{"id":126,"href":"https:\/\/hermesconsolidated.com\/ca\/wp-json\/wp\/v2\/pages\/31\/revisions\/126"}],"wp:attachment":[{"href":"https:\/\/hermesconsolidated.com\/ca\/wp-json\/wp\/v2\/media?parent=31"}],"curies":[{"name":"wp","href":"https:\/\/api.w.org\/{rel}","templated":true}]}}