{"id":3,"date":"2025-04-10T13:46:42","date_gmt":"2025-04-10T13:46:42","guid":{"rendered":"http:\/\/hermesconsolidated.com\/?page_id=3"},"modified":"2025-04-15T12:12:08","modified_gmt":"2025-04-15T12:12:08","slug":"politica-privacidad","status":"publish","type":"page","link":"https:\/\/hermesconsolidated.com\/ca\/politica-privacidad\/","title":{"rendered":"Pol\u00edtica de privacitat"},"content":{"rendered":"<h2 class=\"wp-block-heading\">Qui som<\/h2>\n\n\n\n<p>La direcci\u00f3 de la nostra web \u00e9s: http:\/\/hermesconsolidated.com.<\/p>\n\n\n\n<h2 class=\"wp-block-heading\">Comentaris<\/h2>\n\n\n\n<p>Quan els visitants deixen comentaris a la web, recopilem les dades que es mostren al formulari de comentaris, aix\u00ed com la direcci\u00f3 IP del visitant i la cadena d'agents d'usuari del navegador per ajudar a la detecci\u00f3 d'spam.<\/p>\n\n\n\n<p>Una cadena an\u00f2nima creada a partir de la teva direcci\u00f3 de correu electr\u00f2nic (tamb\u00e9 anomenada hash) pot ser proporcionada al servei de Gravatar per veure si l'est\u00e0s utilitzant. La pol\u00edtica de privacitat del servei Gravatar est\u00e0 disponible aqu\u00ed:  https:\/\/automattic.com\/privacy\/. Despr\u00e9s de l'aprobaci\u00f3 del teu comentari, la imatge del teu perfil \u00e9s visible pel p\u00fablic en el context del teu comentari.<\/p>\n\n\n\n<h2 class=\"wp-block-heading\">Mitjans<\/h2>\n\n\n\n<p>Si puges imatges a la web, hauries d'evitar pujar imatges amb dades d'ubicaci\u00f3 (GPS EXIF) inclosos. Els visitants de la web poden descarregar i extreure qualsevol dada d'ubicaci\u00f3 de les imatges de la web.<\/p>\n\n\n\n<h2 class=\"wp-block-heading\">Cookies<\/h2>\n\n\n\n<p>Si deixes un comentari en el nostre lloc web pots escollir guardar el teu nom, direcci\u00f3 de correu electr\u00f2nic i web a cookies. Aix\u00f2 \u00e9s per la teva comoditat, perqu\u00e8 no tinguis que tornar a omplir les teves dades quan deixis un altre comentari. Aquestes cookies tindr\u00e0n una duraci\u00f3 d'un any.<\/p>\n\n\n\n<p>Si tens un compte i et connectes a aquest lloc web, instal\u00b7larem una cookie temporal per determinar si el teu navegador accepta cookies. Aquesta cookie no cont\u00e9 dades personals i s'elimina al tancar el navegador.<\/p>\n\n\n\n<p>Quan accedeixis, tamb\u00e9 instal\u00b7larem varies cookies per guardar la teva informaci\u00f3 d'acc\u00e9s i les teves opcions de visualitzaci\u00f3 de pantalla. Les cookies d'acc\u00e9s duren dos dies, i les cookies d'opcions de pantalla duren un any. Si selecciones \"Recorda'm\", el teu acc\u00e9s perdurar\u00e0 durant dos setmanes. Si surts del teu compte, les cookies d'acc\u00e9s s'eliminaran.<\/p>\n\n\n\n<p>Si edites o publiques un art\u00edcle es guardar\u00e0 una cookie addicional al teu navegador. Aquesta cookie no inclou dades personals i simplement indica l'ID de l'art\u00edcle que acabes d'editar. Caduca despr\u00e9s d'un dia.<\/p>\n\n\n\n<h2 class=\"wp-block-heading\">Contingut incrustat d'altres llocs web<\/h2>\n\n\n\n<p>Els art\u00edcles d'aquest lloc web poden incloure contingut incrustat (per exemple, videos, imatges, art\u00edcles, etc.). El contingut incrustat d'altres webs es comporta exactament de la mateixa manera que si el visitant hagu\u00e9s entrat a l'altre web.<\/p>\n\n\n\n<p>Aquestes web poden recopilar dades sobre tu, utilitzar cookies, incrustar un seguiment addicional de tercers, i supervisar la teva interacci\u00f3 amb aquest contingut incrustat, incl\u00f3s el seguiment de la teva interacci\u00f3 amb el contingut incrustat si tens un compte i est\u00e0s connectat a aquella web.<\/p>\n\n\n\n<h2 class=\"wp-block-heading\">Amb qui compartim les teves dades<\/h2>\n\n\n\n<p>Si sol\u00b7licites un restabliment de la teva contrasenya, la teva direcci\u00f3 IP ser\u00e0 inclosa en el correu electr\u00f2nic de restabliment.<\/p>\n\n\n\n<h2 class=\"wp-block-heading\">Quan temps conservem les teves dades<\/h2>\n\n\n\n<p>Si deixes un comentari, el comentari i les seves metadades es conserven indefinidament. Aix\u00f2 \u00e9s perqu\u00e8 poguem recon\u00e8ixer i aprovar comentaris successius automaticament, en lloc de mantenir-los en una cua de moderaci\u00f3.<\/p>\n\n\n\n<p>Dels usuaris que es registren a la nostra web (si hi s\u00f3n), tamb\u00e9 enmagatzamem la informaci\u00f3 personal que proporcionen al seu perfil d'usuari. Tots els usuaris poden veure, editar o eliminar la seva informaci\u00f3 personal en qualsevol moment (excepte que no poden canviar el seu nom d'usuari). Els administradors de la web tamb\u00e9 poden veure i editar aquesta informaci\u00f3.<\/p>\n\n\n\n<h2 class=\"wp-block-heading\">Quins drets tens sobre les teves dades<\/h2>\n\n\n\n<p>Si tens un compte o has deixat comentaris en aquesta web, pots sol\u00b7licitar rebre un arxiu d'exportaci\u00f3 de les dades personals que tenim sobre tu, incloent qualsevol dada que ens hagis proporcionat. Tamb\u00e9 pots sol\u00b7licitar que eliminem qualsevol dada personal que tinguem sobre tu. Aix\u00f2 no inclou ninguna dada que estiguem obligats a conservar amb finalitats administratives, legals o de seguretat.<\/p>\n\n\n\n<h2 class=\"wp-block-heading\">On enviem les teves dades<\/h2>\n\n\n\n<p>Els comentaris dels visitants pot ser que els revisi un servei de detecci\u00f3 autom\u00e0tica de spam.<\/p>","protected":false},"excerpt":{"rendered":"<p>Qui\u00e9nes somos La direcci\u00f3n de nuestra web es: http:\/\/hermesconsolidated.com. Comentarios Cuando los visitantes dejan comentarios en la web, recopilamos los datos que se muestran en el formulario de comentarios, as\u00ed como la direcci\u00f3n IP del visitante y la cadena de agentes de usuario del navegador para ayudar a la detecci\u00f3n de spam. Una cadena an\u00f3nima [&hellip;]<\/p>\n","protected":false},"author":1,"featured_media":0,"parent":0,"menu_order":0,"comment_status":"closed","ping_status":"open","template":"","meta":{"footnotes":""},"class_list":["post-3","page","type-page","status-publish","hentry"],"yoast_head":"<!-- This site is optimized with the Yoast SEO plugin v27.4 - https:\/\/yoast.com\/product\/yoast-seo-wordpress\/ -->\n<title>Pol\u00edtica de privacidad - Hermes Consolidated<\/title>\n<meta name=\"robots\" content=\"index, follow, max-snippet:-1, max-image-preview:large, max-video-preview:-1\" \/>\n<link rel=\"canonical\" href=\"https:\/\/hermesconsolidated.com\/ca\/politica-privacidad\/\" \/>\n<meta property=\"og:locale\" content=\"ca_ES\" \/>\n<meta property=\"og:type\" content=\"article\" \/>\n<meta property=\"og:title\" content=\"Pol\u00edtica de privacidad - Hermes Consolidated\" \/>\n<meta property=\"og:description\" content=\"Qui\u00e9nes somos La direcci\u00f3n de nuestra web es: http:\/\/hermesconsolidated.com. Comentarios Cuando los visitantes dejan comentarios en la web, recopilamos los datos que se muestran en el formulario de comentarios, as\u00ed como la direcci\u00f3n IP del visitante y la cadena de agentes de usuario del navegador para ayudar a la detecci\u00f3n de spam. Una cadena an\u00f3nima [&hellip;]\" \/>\n<meta property=\"og:url\" content=\"https:\/\/hermesconsolidated.com\/ca\/politica-privacidad\/\" \/>\n<meta property=\"og:site_name\" content=\"Hermes Consolidated\" \/>\n<meta property=\"article:modified_time\" content=\"2025-04-15T12:12:08+00:00\" \/>\n<meta name=\"twitter:card\" content=\"summary_large_image\" \/>\n<meta name=\"twitter:label1\" content=\"Temps estimat de lectura\" \/>\n\t<meta name=\"twitter:data1\" content=\"3 minuts\" \/>\n<script type=\"application\/ld+json\" class=\"yoast-schema-graph\">{\"@context\":\"https:\\\/\\\/schema.org\",\"@graph\":[{\"@type\":\"WebPage\",\"@id\":\"https:\\\/\\\/hermesconsolidated.com\\\/ca\\\/politica-privacidad\\\/\",\"url\":\"https:\\\/\\\/hermesconsolidated.com\\\/ca\\\/politica-privacidad\\\/\",\"name\":\"Pol\u00edtica de privacidad - Hermes Consolidated\",\"isPartOf\":{\"@id\":\"https:\\\/\\\/hermesconsolidated.com\\\/#website\"},\"datePublished\":\"2025-04-10T13:46:42+00:00\",\"dateModified\":\"2025-04-15T12:12:08+00:00\",\"breadcrumb\":{\"@id\":\"https:\\\/\\\/hermesconsolidated.com\\\/ca\\\/politica-privacidad\\\/#breadcrumb\"},\"inLanguage\":\"ca\",\"potentialAction\":[{\"@type\":\"ReadAction\",\"target\":[\"https:\\\/\\\/hermesconsolidated.com\\\/ca\\\/politica-privacidad\\\/\"]}]},{\"@type\":\"BreadcrumbList\",\"@id\":\"https:\\\/\\\/hermesconsolidated.com\\\/ca\\\/politica-privacidad\\\/#breadcrumb\",\"itemListElement\":[{\"@type\":\"ListItem\",\"position\":1,\"name\":\"Portada\",\"item\":\"https:\\\/\\\/hermesconsolidated.com\\\/\"},{\"@type\":\"ListItem\",\"position\":2,\"name\":\"Pol\u00edtica de privacidad\"}]},{\"@type\":\"WebSite\",\"@id\":\"https:\\\/\\\/hermesconsolidated.com\\\/#website\",\"url\":\"https:\\\/\\\/hermesconsolidated.com\\\/\",\"name\":\"Hermes Consolidated\",\"description\":\"Servicios de asesor\u00eda para empresas en Sabadell\",\"publisher\":{\"@id\":\"https:\\\/\\\/hermesconsolidated.com\\\/#organization\"},\"potentialAction\":[{\"@type\":\"SearchAction\",\"target\":{\"@type\":\"EntryPoint\",\"urlTemplate\":\"https:\\\/\\\/hermesconsolidated.com\\\/?s={search_term_string}\"},\"query-input\":{\"@type\":\"PropertyValueSpecification\",\"valueRequired\":true,\"valueName\":\"search_term_string\"}}],\"inLanguage\":\"ca\"},{\"@type\":\"Organization\",\"@id\":\"https:\\\/\\\/hermesconsolidated.com\\\/#organization\",\"name\":\"Hermes Consolidated\",\"url\":\"https:\\\/\\\/hermesconsolidated.com\\\/\",\"logo\":{\"@type\":\"ImageObject\",\"inLanguage\":\"ca\",\"@id\":\"https:\\\/\\\/hermesconsolidated.com\\\/#\\\/schema\\\/logo\\\/image\\\/\",\"url\":\"https:\\\/\\\/hermesconsolidated.com\\\/wp-content\\\/uploads\\\/2025\\\/04\\\/cropped-upscalemedia-transformed.png\",\"contentUrl\":\"https:\\\/\\\/hermesconsolidated.com\\\/wp-content\\\/uploads\\\/2025\\\/04\\\/cropped-upscalemedia-transformed.png\",\"width\":512,\"height\":512,\"caption\":\"Hermes Consolidated\"},\"image\":{\"@id\":\"https:\\\/\\\/hermesconsolidated.com\\\/#\\\/schema\\\/logo\\\/image\\\/\"}}]}<\/script>\n<!-- \/ Yoast SEO plugin. -->","yoast_head_json":{"title":"Pol\u00edtica de privacidad - Hermes Consolidated","robots":{"index":"index","follow":"follow","max-snippet":"max-snippet:-1","max-image-preview":"max-image-preview:large","max-video-preview":"max-video-preview:-1"},"canonical":"https:\/\/hermesconsolidated.com\/ca\/politica-privacidad\/","og_locale":"ca_ES","og_type":"article","og_title":"Pol\u00edtica de privacidad - Hermes Consolidated","og_description":"Qui\u00e9nes somos La direcci\u00f3n de nuestra web es: http:\/\/hermesconsolidated.com. Comentarios Cuando los visitantes dejan comentarios en la web, recopilamos los datos que se muestran en el formulario de comentarios, as\u00ed como la direcci\u00f3n IP del visitante y la cadena de agentes de usuario del navegador para ayudar a la detecci\u00f3n de spam. Una cadena an\u00f3nima [&hellip;]","og_url":"https:\/\/hermesconsolidated.com\/ca\/politica-privacidad\/","og_site_name":"Hermes Consolidated","article_modified_time":"2025-04-15T12:12:08+00:00","twitter_card":"summary_large_image","twitter_misc":{"Temps estimat de lectura":"3 minuts"},"schema":{"@context":"https:\/\/schema.org","@graph":[{"@type":"WebPage","@id":"https:\/\/hermesconsolidated.com\/ca\/politica-privacidad\/","url":"https:\/\/hermesconsolidated.com\/ca\/politica-privacidad\/","name":"Pol\u00edtica de privacidad - Hermes Consolidated","isPartOf":{"@id":"https:\/\/hermesconsolidated.com\/#website"},"datePublished":"2025-04-10T13:46:42+00:00","dateModified":"2025-04-15T12:12:08+00:00","breadcrumb":{"@id":"https:\/\/hermesconsolidated.com\/ca\/politica-privacidad\/#breadcrumb"},"inLanguage":"ca","potentialAction":[{"@type":"ReadAction","target":["https:\/\/hermesconsolidated.com\/ca\/politica-privacidad\/"]}]},{"@type":"BreadcrumbList","@id":"https:\/\/hermesconsolidated.com\/ca\/politica-privacidad\/#breadcrumb","itemListElement":[{"@type":"ListItem","position":1,"name":"Portada","item":"https:\/\/hermesconsolidated.com\/"},{"@type":"ListItem","position":2,"name":"Pol\u00edtica de privacidad"}]},{"@type":"WebSite","@id":"https:\/\/hermesconsolidated.com\/#website","url":"https:\/\/hermesconsolidated.com\/","name":"Hermes Consolidated","description":"Servicios de asesor\u00eda para empresas en Sabadell","publisher":{"@id":"https:\/\/hermesconsolidated.com\/#organization"},"potentialAction":[{"@type":"SearchAction","target":{"@type":"EntryPoint","urlTemplate":"https:\/\/hermesconsolidated.com\/?s={search_term_string}"},"query-input":{"@type":"PropertyValueSpecification","valueRequired":true,"valueName":"search_term_string"}}],"inLanguage":"ca"},{"@type":"Organization","@id":"https:\/\/hermesconsolidated.com\/#organization","name":"Hermes Consolidated","url":"https:\/\/hermesconsolidated.com\/","logo":{"@type":"ImageObject","inLanguage":"ca","@id":"https:\/\/hermesconsolidated.com\/#\/schema\/logo\/image\/","url":"https:\/\/hermesconsolidated.com\/wp-content\/uploads\/2025\/04\/cropped-upscalemedia-transformed.png","contentUrl":"https:\/\/hermesconsolidated.com\/wp-content\/uploads\/2025\/04\/cropped-upscalemedia-transformed.png","width":512,"height":512,"caption":"Hermes Consolidated"},"image":{"@id":"https:\/\/hermesconsolidated.com\/#\/schema\/logo\/image\/"}}]}},"_links":{"self":[{"href":"https:\/\/hermesconsolidated.com\/ca\/wp-json\/wp\/v2\/pages\/3","targetHints":{"allow":["GET"]}}],"collection":[{"href":"https:\/\/hermesconsolidated.com\/ca\/wp-json\/wp\/v2\/pages"}],"about":[{"href":"https:\/\/hermesconsolidated.com\/ca\/wp-json\/wp\/v2\/types\/page"}],"author":[{"embeddable":true,"href":"https:\/\/hermesconsolidated.com\/ca\/wp-json\/wp\/v2\/users\/1"}],"replies":[{"embeddable":true,"href":"https:\/\/hermesconsolidated.com\/ca\/wp-json\/wp\/v2\/comments?post=3"}],"version-history":[{"count":1,"href":"https:\/\/hermesconsolidated.com\/ca\/wp-json\/wp\/v2\/pages\/3\/revisions"}],"predecessor-version":[{"id":26,"href":"https:\/\/hermesconsolidated.com\/ca\/wp-json\/wp\/v2\/pages\/3\/revisions\/26"}],"wp:attachment":[{"href":"https:\/\/hermesconsolidated.com\/ca\/wp-json\/wp\/v2\/media?parent=3"}],"curies":[{"name":"wp","href":"https:\/\/api.w.org\/{rel}","templated":true}]}}