{"id":29,"date":"2025-04-15T12:12:53","date_gmt":"2025-04-15T12:12:53","guid":{"rendered":"https:\/\/hermesconsolidated.com\/?page_id=29"},"modified":"2025-04-15T13:45:50","modified_gmt":"2025-04-15T13:45:50","slug":"asesoria-juridica","status":"publish","type":"page","link":"https:\/\/hermesconsolidated.com\/ca\/asesoria-juridica\/","title":{"rendered":"Assessoria jur\u00eddica"},"content":{"rendered":"<div class=\"wp-block-cover alignfull is-light is-style-default\" style=\"min-height:430px;aspect-ratio:unset;\"><span aria-hidden=\"true\" class=\"wp-block-cover__background has-text-lighter-background-color has-background-dim\"><\/span><img loading=\"lazy\" decoding=\"async\" width=\"1280\" height=\"717\" class=\"wp-block-cover__image-background wp-image-122\" alt=\"\" src=\"https:\/\/hermesconsolidated.com\/wp-content\/uploads\/2025\/04\/business-8941885_1280-2.jpg\" data-object-fit=\"cover\" srcset=\"https:\/\/hermesconsolidated.com\/wp-content\/uploads\/2025\/04\/business-8941885_1280-2.jpg 1280w, https:\/\/hermesconsolidated.com\/wp-content\/uploads\/2025\/04\/business-8941885_1280-2-300x168.jpg 300w, https:\/\/hermesconsolidated.com\/wp-content\/uploads\/2025\/04\/business-8941885_1280-2-1024x574.jpg 1024w, https:\/\/hermesconsolidated.com\/wp-content\/uploads\/2025\/04\/business-8941885_1280-2-768x430.jpg 768w, https:\/\/hermesconsolidated.com\/wp-content\/uploads\/2025\/04\/business-8941885_1280-2-18x10.jpg 18w, https:\/\/hermesconsolidated.com\/wp-content\/uploads\/2025\/04\/business-8941885_1280-2-1170x655.jpg 1170w\" sizes=\"auto, (max-width: 1280px) 100vw, 1280px\" \/><div class=\"wp-block-cover__inner-container is-layout-constrained wp-block-cover-is-layout-constrained\">\n<h2 class=\"wp-block-heading has-text-align-center has-large-font-size\"><strong>ASSESSORAMENT JUR\u00cdDIC<\/strong> A SABADELL<\/h2>\n<\/div><\/div>\n\n\n\n<div style=\"height:10px\" aria-hidden=\"true\" class=\"wp-block-spacer\"><\/div>\n\n\n\n<div class=\"wp-block-group alignfull is-layout-constrained wp-block-group-is-layout-constrained\">\n<p class=\"has-lead-font-size\" style=\"margin-top:var(--wp--preset--spacing--50);margin-right:0px;margin-bottom:var(--wp--preset--spacing--50);margin-left:0px\">A Hermes Consolidated, brindem un servei complet d'assessoria jur\u00eddica per particulars i empreses a Sabadell. El noste equip d'experts legals est\u00e0 aqu\u00ed per guiar-te a trav\u00e9s dels aspectes m\u00e9s complexes del dret empresarial, assegurant que la teva empresa estigui sempre en conformitat amb la llei i protegida davant de qualsevol eventualitat.<\/p>\n\n\n\n<div style=\"height:10px\" aria-hidden=\"true\" class=\"wp-block-spacer\"><\/div>\n\n\n\n<h3 class=\"wp-block-heading\">T'assessorem amb:<\/h3>\n\n\n\n<div class=\"wp-block-columns is-layout-flex wp-container-core-columns-is-layout-28f84493 wp-block-columns-is-layout-flex\">\n<div class=\"wp-block-column has-text-lighter-background-color has-background is-layout-constrained wp-container-core-column-is-layout-7bf11a4c wp-block-column-is-layout-constrained\" style=\"border-radius:20px;padding-top:var(--wp--preset--spacing--50);padding-right:var(--wp--preset--spacing--40);padding-bottom:var(--wp--preset--spacing--50);padding-left:var(--wp--preset--spacing--40)\">\n<h3 class=\"wp-block-heading has-text-align-center\">Constituci\u00f3 de societats<\/h3>\n\n\n\n<p>T'acompanyem en tot el proc\u00e9s de creaci\u00f3 de la teva empresa, assegurant-nos de que tot estigui en regla des del primer dia, Fem que constituir una societat sigui un proc\u00e9s senzill i sense complicacions.<\/p>\n<\/div>\n\n\n\n<div class=\"wp-block-column has-light-background-color has-background is-layout-constrained wp-container-core-column-is-layout-7bf11a4c wp-block-column-is-layout-constrained\" style=\"border-radius:20px;padding-top:var(--wp--preset--spacing--50);padding-right:var(--wp--preset--spacing--40);padding-bottom:var(--wp--preset--spacing--50);padding-left:var(--wp--preset--spacing--40)\">\n<h3 class=\"wp-block-heading has-text-align-center\">Contractaci\u00f3 mercantil<\/h3>\n\n\n\n<p>T'assessorem i gestionem tot tipus de contractes mercantils perqu\u00e8 els teus negocis sempre estiguin protegits i en conformitat amb la llei. Ens assegurem de que cada acord sigui clar i benefici\u00f3s per tu. A m\u00e9s, redactem i revisem contractes mercantils i civils, garantint que tots els acords siguin justos, clars i legalment vinculants. Protegeix-te amb contractes ben fets.<\/p>\n<\/div>\n<\/div>\n\n\n\n<div class=\"wp-block-columns is-layout-flex wp-container-core-columns-is-layout-28f84493 wp-block-columns-is-layout-flex\">\n<div class=\"wp-block-column has-light-background-color has-background is-layout-constrained wp-container-core-column-is-layout-7bf11a4c wp-block-column-is-layout-constrained\" style=\"border-radius:20px;padding-top:var(--wp--preset--spacing--50);padding-right:var(--wp--preset--spacing--40);padding-bottom:var(--wp--preset--spacing--50);padding-left:var(--wp--preset--spacing--40)\">\n<h3 class=\"wp-block-heading has-text-align-center\">Herencies<\/h3>\n\n\n\n<p>T'ajudem a gestionar i tramitar herencies de manera eficient i respectuosa, garantint que tot es realitzi conforme a la llei. El nostre objectiu \u00e9s fer que aquest proc\u00e9s sigui el m\u00e9s senzill i lliure d'estr\u00e8s possible.<\/p>\n<\/div>\n\n\n\n<div class=\"wp-block-column has-text-lighter-background-color has-background is-layout-constrained wp-container-core-column-is-layout-7bf11a4c wp-block-column-is-layout-constrained\" style=\"border-radius:20px;padding-top:var(--wp--preset--spacing--50);padding-right:var(--wp--preset--spacing--40);padding-bottom:var(--wp--preset--spacing--50);padding-left:var(--wp--preset--spacing--40)\">\n<h3 class=\"wp-block-heading has-text-align-center\">Incapacitacions i depend\u00e8ncies<\/h3>\n\n\n\n<p>T'assistim en els procediments legals relacionats amb incapacitats i situacions de depend\u00e8ncia, assegurant que els drets i necessitats de les persones involucrades estiguin sempre protegits.<\/p>\n<\/div>\n<\/div>\n<\/div>\n\n\n\n<hr class=\"wp-block-separator has-text-color has-text-lighter-color has-alpha-channel-opacity has-text-lighter-background-color has-background is-style-wide\" style=\"margin-top:var(--wp--preset--spacing--60);margin-bottom:var(--wp--preset--spacing--60)\"\/>\n\n\n\n<div class=\"wp-block-cover alignfull\" style=\"margin-bottom:-50px\"><span aria-hidden=\"true\" class=\"wp-block-cover__background has-dark-background-color has-background-dim-60 has-background-dim\"><\/span><img loading=\"lazy\" decoding=\"async\" width=\"1280\" height=\"850\" class=\"wp-block-cover__image-background wp-image-109\" alt=\"\" src=\"https:\/\/hermesconsolidated.com\/wp-content\/uploads\/2025\/04\/office-620817_1280.jpg\" data-object-fit=\"cover\" srcset=\"https:\/\/hermesconsolidated.com\/wp-content\/uploads\/2025\/04\/office-620817_1280.jpg 1280w, https:\/\/hermesconsolidated.com\/wp-content\/uploads\/2025\/04\/office-620817_1280-300x199.jpg 300w, https:\/\/hermesconsolidated.com\/wp-content\/uploads\/2025\/04\/office-620817_1280-1024x680.jpg 1024w, https:\/\/hermesconsolidated.com\/wp-content\/uploads\/2025\/04\/office-620817_1280-768x510.jpg 768w, https:\/\/hermesconsolidated.com\/wp-content\/uploads\/2025\/04\/office-620817_1280-18x12.jpg 18w, https:\/\/hermesconsolidated.com\/wp-content\/uploads\/2025\/04\/office-620817_1280-1170x777.jpg 1170w\" sizes=\"auto, (max-width: 1280px) 100vw, 1280px\" \/><div class=\"wp-block-cover__inner-container is-layout-constrained wp-block-cover-is-layout-constrained\">\n<h4 class=\"wp-block-heading has-text-align-center has-background-color has-text-color has-link-color has-large-font-size wp-elements-d3b0e7368b43c30c625864ffc371f704\">Necessites m\u00e9s informaci\u00f3 o vols contractar els nostres serveis?<\/h4>\n\n\n\n<div class=\"wp-block-buttons is-content-justification-center is-layout-flex wp-container-core-buttons-is-layout-a89b3969 wp-block-buttons-is-layout-flex\">\n<div class=\"wp-block-button is-style-ona-button-arrow-icon\"><a class=\"wp-block-button__link has-background-color has-primary-background-color has-text-color has-background has-link-color wp-element-button\">Contactar<\/a><\/div>\n<\/div>\n<\/div><\/div>","protected":false},"excerpt":{"rendered":"<p>En Hermes Consolidated, brindamos un servicio completo de asesor\u00eda jur\u00eddica para particulares y empresas en Sabadell. Nuestro equipo de expertos legales est\u00e1 aqu\u00ed para guiarte a trav\u00e9s de los aspectos m\u00e1s complejos del derecho empresarial, asegurando que tu empresa est\u00e9 siempre en conformidad con la ley y protegida ante cualquier eventualidad. Te asesoramos con: Constituci\u00f3n [&hellip;]<\/p>\n","protected":false},"author":1,"featured_media":0,"parent":0,"menu_order":0,"comment_status":"closed","ping_status":"closed","template":"","meta":{"footnotes":""},"class_list":["post-29","page","type-page","status-publish","hentry"],"yoast_head":"<!-- This site is optimized with the Yoast SEO plugin v27.4 - https:\/\/yoast.com\/product\/yoast-seo-wordpress\/ -->\n<title>Asesor\u00eda jur\u00eddica - Hermes Consolidated<\/title>\n<meta name=\"robots\" content=\"index, follow, max-snippet:-1, max-image-preview:large, max-video-preview:-1\" \/>\n<link rel=\"canonical\" href=\"https:\/\/hermesconsolidated.com\/ca\/asesoria-juridica\/\" \/>\n<meta property=\"og:locale\" content=\"ca_ES\" \/>\n<meta property=\"og:type\" content=\"article\" \/>\n<meta property=\"og:title\" content=\"Asesor\u00eda jur\u00eddica - Hermes Consolidated\" \/>\n<meta property=\"og:description\" content=\"En Hermes Consolidated, brindamos un servicio completo de asesor\u00eda jur\u00eddica para particulares y empresas en Sabadell. Nuestro equipo de expertos legales est\u00e1 aqu\u00ed para guiarte a trav\u00e9s de los aspectos m\u00e1s complejos del derecho empresarial, asegurando que tu empresa est\u00e9 siempre en conformidad con la ley y protegida ante cualquier eventualidad. Te asesoramos con: Constituci\u00f3n [&hellip;]\" \/>\n<meta property=\"og:url\" content=\"https:\/\/hermesconsolidated.com\/ca\/asesoria-juridica\/\" \/>\n<meta property=\"og:site_name\" content=\"Hermes Consolidated\" \/>\n<meta property=\"article:modified_time\" content=\"2025-04-15T13:45:50+00:00\" \/>\n<meta property=\"og:image\" content=\"https:\/\/hermesconsolidated.com\/wp-content\/uploads\/2025\/04\/business-8941885_1280-2.jpg\" \/>\n<meta name=\"twitter:card\" content=\"summary_large_image\" \/>\n<meta name=\"twitter:label1\" content=\"Temps estimat de lectura\" \/>\n\t<meta name=\"twitter:data1\" content=\"2 minuts\" \/>\n<script type=\"application\/ld+json\" class=\"yoast-schema-graph\">{\"@context\":\"https:\\\/\\\/schema.org\",\"@graph\":[{\"@type\":\"WebPage\",\"@id\":\"https:\\\/\\\/hermesconsolidated.com\\\/ca\\\/asesoria-juridica\\\/\",\"url\":\"https:\\\/\\\/hermesconsolidated.com\\\/ca\\\/asesoria-juridica\\\/\",\"name\":\"Asesor\u00eda jur\u00eddica - Hermes Consolidated\",\"isPartOf\":{\"@id\":\"https:\\\/\\\/hermesconsolidated.com\\\/#website\"},\"primaryImageOfPage\":{\"@id\":\"https:\\\/\\\/hermesconsolidated.com\\\/ca\\\/asesoria-juridica\\\/#primaryimage\"},\"image\":{\"@id\":\"https:\\\/\\\/hermesconsolidated.com\\\/ca\\\/asesoria-juridica\\\/#primaryimage\"},\"thumbnailUrl\":\"https:\\\/\\\/hermesconsolidated.com\\\/wp-content\\\/uploads\\\/2025\\\/04\\\/business-8941885_1280-2.jpg\",\"datePublished\":\"2025-04-15T12:12:53+00:00\",\"dateModified\":\"2025-04-15T13:45:50+00:00\",\"breadcrumb\":{\"@id\":\"https:\\\/\\\/hermesconsolidated.com\\\/ca\\\/asesoria-juridica\\\/#breadcrumb\"},\"inLanguage\":\"ca\",\"potentialAction\":[{\"@type\":\"ReadAction\",\"target\":[\"https:\\\/\\\/hermesconsolidated.com\\\/ca\\\/asesoria-juridica\\\/\"]}]},{\"@type\":\"ImageObject\",\"inLanguage\":\"ca\",\"@id\":\"https:\\\/\\\/hermesconsolidated.com\\\/ca\\\/asesoria-juridica\\\/#primaryimage\",\"url\":\"https:\\\/\\\/hermesconsolidated.com\\\/wp-content\\\/uploads\\\/2025\\\/04\\\/business-8941885_1280-2.jpg\",\"contentUrl\":\"https:\\\/\\\/hermesconsolidated.com\\\/wp-content\\\/uploads\\\/2025\\\/04\\\/business-8941885_1280-2.jpg\"},{\"@type\":\"BreadcrumbList\",\"@id\":\"https:\\\/\\\/hermesconsolidated.com\\\/ca\\\/asesoria-juridica\\\/#breadcrumb\",\"itemListElement\":[{\"@type\":\"ListItem\",\"position\":1,\"name\":\"Portada\",\"item\":\"https:\\\/\\\/hermesconsolidated.com\\\/\"},{\"@type\":\"ListItem\",\"position\":2,\"name\":\"Asesor\u00eda jur\u00eddica\"}]},{\"@type\":\"WebSite\",\"@id\":\"https:\\\/\\\/hermesconsolidated.com\\\/#website\",\"url\":\"https:\\\/\\\/hermesconsolidated.com\\\/\",\"name\":\"Hermes Consolidated\",\"description\":\"Servicios de asesor\u00eda para empresas en Sabadell\",\"publisher\":{\"@id\":\"https:\\\/\\\/hermesconsolidated.com\\\/#organization\"},\"potentialAction\":[{\"@type\":\"SearchAction\",\"target\":{\"@type\":\"EntryPoint\",\"urlTemplate\":\"https:\\\/\\\/hermesconsolidated.com\\\/?s={search_term_string}\"},\"query-input\":{\"@type\":\"PropertyValueSpecification\",\"valueRequired\":true,\"valueName\":\"search_term_string\"}}],\"inLanguage\":\"ca\"},{\"@type\":\"Organization\",\"@id\":\"https:\\\/\\\/hermesconsolidated.com\\\/#organization\",\"name\":\"Hermes Consolidated\",\"url\":\"https:\\\/\\\/hermesconsolidated.com\\\/\",\"logo\":{\"@type\":\"ImageObject\",\"inLanguage\":\"ca\",\"@id\":\"https:\\\/\\\/hermesconsolidated.com\\\/#\\\/schema\\\/logo\\\/image\\\/\",\"url\":\"https:\\\/\\\/hermesconsolidated.com\\\/wp-content\\\/uploads\\\/2025\\\/04\\\/cropped-upscalemedia-transformed.png\",\"contentUrl\":\"https:\\\/\\\/hermesconsolidated.com\\\/wp-content\\\/uploads\\\/2025\\\/04\\\/cropped-upscalemedia-transformed.png\",\"width\":512,\"height\":512,\"caption\":\"Hermes Consolidated\"},\"image\":{\"@id\":\"https:\\\/\\\/hermesconsolidated.com\\\/#\\\/schema\\\/logo\\\/image\\\/\"}}]}<\/script>\n<!-- \/ Yoast SEO plugin. -->","yoast_head_json":{"title":"Asesor\u00eda jur\u00eddica - Hermes Consolidated","robots":{"index":"index","follow":"follow","max-snippet":"max-snippet:-1","max-image-preview":"max-image-preview:large","max-video-preview":"max-video-preview:-1"},"canonical":"https:\/\/hermesconsolidated.com\/ca\/asesoria-juridica\/","og_locale":"ca_ES","og_type":"article","og_title":"Asesor\u00eda jur\u00eddica - Hermes Consolidated","og_description":"En Hermes Consolidated, brindamos un servicio completo de asesor\u00eda jur\u00eddica para particulares y empresas en Sabadell. Nuestro equipo de expertos legales est\u00e1 aqu\u00ed para guiarte a trav\u00e9s de los aspectos m\u00e1s complejos del derecho empresarial, asegurando que tu empresa est\u00e9 siempre en conformidad con la ley y protegida ante cualquier eventualidad. Te asesoramos con: Constituci\u00f3n [&hellip;]","og_url":"https:\/\/hermesconsolidated.com\/ca\/asesoria-juridica\/","og_site_name":"Hermes Consolidated","article_modified_time":"2025-04-15T13:45:50+00:00","og_image":[{"url":"https:\/\/hermesconsolidated.com\/wp-content\/uploads\/2025\/04\/business-8941885_1280-2.jpg","type":"","width":"","height":""}],"twitter_card":"summary_large_image","twitter_misc":{"Temps estimat de lectura":"2 minuts"},"schema":{"@context":"https:\/\/schema.org","@graph":[{"@type":"WebPage","@id":"https:\/\/hermesconsolidated.com\/ca\/asesoria-juridica\/","url":"https:\/\/hermesconsolidated.com\/ca\/asesoria-juridica\/","name":"Asesor\u00eda jur\u00eddica - Hermes Consolidated","isPartOf":{"@id":"https:\/\/hermesconsolidated.com\/#website"},"primaryImageOfPage":{"@id":"https:\/\/hermesconsolidated.com\/ca\/asesoria-juridica\/#primaryimage"},"image":{"@id":"https:\/\/hermesconsolidated.com\/ca\/asesoria-juridica\/#primaryimage"},"thumbnailUrl":"https:\/\/hermesconsolidated.com\/wp-content\/uploads\/2025\/04\/business-8941885_1280-2.jpg","datePublished":"2025-04-15T12:12:53+00:00","dateModified":"2025-04-15T13:45:50+00:00","breadcrumb":{"@id":"https:\/\/hermesconsolidated.com\/ca\/asesoria-juridica\/#breadcrumb"},"inLanguage":"ca","potentialAction":[{"@type":"ReadAction","target":["https:\/\/hermesconsolidated.com\/ca\/asesoria-juridica\/"]}]},{"@type":"ImageObject","inLanguage":"ca","@id":"https:\/\/hermesconsolidated.com\/ca\/asesoria-juridica\/#primaryimage","url":"https:\/\/hermesconsolidated.com\/wp-content\/uploads\/2025\/04\/business-8941885_1280-2.jpg","contentUrl":"https:\/\/hermesconsolidated.com\/wp-content\/uploads\/2025\/04\/business-8941885_1280-2.jpg"},{"@type":"BreadcrumbList","@id":"https:\/\/hermesconsolidated.com\/ca\/asesoria-juridica\/#breadcrumb","itemListElement":[{"@type":"ListItem","position":1,"name":"Portada","item":"https:\/\/hermesconsolidated.com\/"},{"@type":"ListItem","position":2,"name":"Asesor\u00eda jur\u00eddica"}]},{"@type":"WebSite","@id":"https:\/\/hermesconsolidated.com\/#website","url":"https:\/\/hermesconsolidated.com\/","name":"Hermes Consolidated","description":"Servicios de asesor\u00eda para empresas en Sabadell","publisher":{"@id":"https:\/\/hermesconsolidated.com\/#organization"},"potentialAction":[{"@type":"SearchAction","target":{"@type":"EntryPoint","urlTemplate":"https:\/\/hermesconsolidated.com\/?s={search_term_string}"},"query-input":{"@type":"PropertyValueSpecification","valueRequired":true,"valueName":"search_term_string"}}],"inLanguage":"ca"},{"@type":"Organization","@id":"https:\/\/hermesconsolidated.com\/#organization","name":"Hermes Consolidated","url":"https:\/\/hermesconsolidated.com\/","logo":{"@type":"ImageObject","inLanguage":"ca","@id":"https:\/\/hermesconsolidated.com\/#\/schema\/logo\/image\/","url":"https:\/\/hermesconsolidated.com\/wp-content\/uploads\/2025\/04\/cropped-upscalemedia-transformed.png","contentUrl":"https:\/\/hermesconsolidated.com\/wp-content\/uploads\/2025\/04\/cropped-upscalemedia-transformed.png","width":512,"height":512,"caption":"Hermes Consolidated"},"image":{"@id":"https:\/\/hermesconsolidated.com\/#\/schema\/logo\/image\/"}}]}},"_links":{"self":[{"href":"https:\/\/hermesconsolidated.com\/ca\/wp-json\/wp\/v2\/pages\/29","targetHints":{"allow":["GET"]}}],"collection":[{"href":"https:\/\/hermesconsolidated.com\/ca\/wp-json\/wp\/v2\/pages"}],"about":[{"href":"https:\/\/hermesconsolidated.com\/ca\/wp-json\/wp\/v2\/types\/page"}],"author":[{"embeddable":true,"href":"https:\/\/hermesconsolidated.com\/ca\/wp-json\/wp\/v2\/users\/1"}],"replies":[{"embeddable":true,"href":"https:\/\/hermesconsolidated.com\/ca\/wp-json\/wp\/v2\/comments?post=29"}],"version-history":[{"count":2,"href":"https:\/\/hermesconsolidated.com\/ca\/wp-json\/wp\/v2\/pages\/29\/revisions"}],"predecessor-version":[{"id":123,"href":"https:\/\/hermesconsolidated.com\/ca\/wp-json\/wp\/v2\/pages\/29\/revisions\/123"}],"wp:attachment":[{"href":"https:\/\/hermesconsolidated.com\/ca\/wp-json\/wp\/v2\/media?parent=29"}],"curies":[{"name":"wp","href":"https:\/\/api.w.org\/{rel}","templated":true}]}}