{"id":27,"date":"2025-04-15T12:12:38","date_gmt":"2025-04-15T12:12:38","guid":{"rendered":"https:\/\/hermesconsolidated.com\/?page_id=27"},"modified":"2025-04-15T13:46:07","modified_gmt":"2025-04-15T13:46:07","slug":"asesoria-fiscal","status":"publish","type":"page","link":"https:\/\/hermesconsolidated.com\/ca\/asesoria-fiscal\/","title":{"rendered":"Assessoria fiscal"},"content":{"rendered":"<div class=\"wp-block-cover alignfull is-light is-style-default\" style=\"min-height:430px;aspect-ratio:unset;\"><span aria-hidden=\"true\" class=\"wp-block-cover__background has-text-lighter-background-color has-background-dim-40 has-background-dim\"><\/span><img loading=\"lazy\" decoding=\"async\" width=\"612\" height=\"408\" class=\"wp-block-cover__image-background wp-image-62\" alt=\"\" src=\"https:\/\/hermesconsolidated.com\/wp-content\/uploads\/2025\/04\/istockphoto-2162033606-612x612-1.jpg\" style=\"object-position:49% 45%\" data-object-fit=\"cover\" data-object-position=\"49% 45%\" srcset=\"https:\/\/hermesconsolidated.com\/wp-content\/uploads\/2025\/04\/istockphoto-2162033606-612x612-1.jpg 612w, https:\/\/hermesconsolidated.com\/wp-content\/uploads\/2025\/04\/istockphoto-2162033606-612x612-1-300x200.jpg 300w, https:\/\/hermesconsolidated.com\/wp-content\/uploads\/2025\/04\/istockphoto-2162033606-612x612-1-18x12.jpg 18w\" sizes=\"auto, (max-width: 612px) 100vw, 612px\" \/><div class=\"wp-block-cover__inner-container is-layout-constrained wp-block-cover-is-layout-constrained\">\n<h2 class=\"wp-block-heading has-text-align-center has-large-font-size\"><strong>ASSESSORAMENT FISCAL<\/strong> <strong>A SABADELL<\/strong><\/h2>\n<\/div><\/div>\n\n\n\n<div style=\"height:10px\" aria-hidden=\"true\" class=\"wp-block-spacer\"><\/div>\n\n\n\n<div class=\"wp-block-group alignfull is-layout-constrained wp-block-group-is-layout-constrained\">\n<p class=\"has-lead-font-size\" style=\"margin-top:var(--wp--preset--spacing--50);margin-right:0px;margin-bottom:var(--wp--preset--spacing--50);margin-left:0px\">A Hermes Consolidated, oferim una assessoria fiscal integral per empreses a Sabadell. Ens encarreguem de tots els aspectes fiscals perqu\u00e8 puguis centrar-te en el teu negoci. El nostre equip d'experts est\u00e0 aqu\u00ed per assegurar-se de que compleixis amb totes les teves obligacions fiscals de manera eficient i sense complicacions.<\/p>\n\n\n\n<div style=\"height:10px\" aria-hidden=\"true\" class=\"wp-block-spacer\"><\/div>\n\n\n\n<h3 class=\"wp-block-heading\">T'assessorem amb:<\/h3>\n\n\n\n<div class=\"wp-block-columns is-layout-flex wp-container-core-columns-is-layout-28f84493 wp-block-columns-is-layout-flex\">\n<div class=\"wp-block-column has-text-lighter-background-color has-background is-layout-constrained wp-container-core-column-is-layout-7bf11a4c wp-block-column-is-layout-constrained\" style=\"border-radius:20px;padding-top:var(--wp--preset--spacing--50);padding-right:var(--wp--preset--spacing--40);padding-bottom:var(--wp--preset--spacing--50);padding-left:var(--wp--preset--spacing--40)\">\n<h3 class=\"wp-block-heading has-text-align-center\">Gesti\u00f3 d'impostos<\/h3>\n\n\n\n<p>Ens ocupem de la gesti\u00f3 de tots els impostos vigents, permetent concentrar-te en el que realment importa. Ens assegurem de que compleixis amb totes les obligacions fiscals de manera eficient i sense complicacions.<\/p>\n<\/div>\n\n\n\n<div class=\"wp-block-column has-light-background-color has-background is-layout-constrained wp-container-core-column-is-layout-7bf11a4c wp-block-column-is-layout-constrained\" style=\"border-radius:20px;padding-top:var(--wp--preset--spacing--50);padding-right:var(--wp--preset--spacing--40);padding-bottom:var(--wp--preset--spacing--50);padding-left:var(--wp--preset--spacing--40)\">\n<h3 class=\"wp-block-heading has-text-align-center\">Planificaci\u00f3 fiscal<\/h3>\n\n\n\n<p>T'ajudem a planificar i optimitzar la teva situaci\u00f3 fiscal, assegurant que aprofitis tots els avantatges fiscals possibles. El nostres objectiu \u00e9s minimitzar la teva c\u00e0rrega tribut\u00e0ria dins del marc legal.<\/p>\n<\/div>\n<\/div>\n\n\n\n<div class=\"wp-block-columns is-layout-flex wp-container-core-columns-is-layout-28f84493 wp-block-columns-is-layout-flex\">\n<div class=\"wp-block-column has-light-background-color has-background is-layout-constrained wp-container-core-column-is-layout-7bf11a4c wp-block-column-is-layout-constrained\" style=\"border-radius:20px;padding-top:var(--wp--preset--spacing--50);padding-right:var(--wp--preset--spacing--40);padding-bottom:var(--wp--preset--spacing--50);padding-left:var(--wp--preset--spacing--40)\">\n<h3 class=\"wp-block-heading has-text-align-center\">Gestions davant organismes p\u00fablics<\/h3>\n\n\n\n<p>Realitzem tot tipus de gestions davant d'organismes p\u00fablics en el teu nom, estalviant-te temps i esfor\u00e7. Ens encarreguem de que tots els tr\u00e0mits es realitzin correctament i a temps.<\/p>\n<\/div>\n\n\n\n<div class=\"wp-block-column has-text-lighter-background-color has-background is-layout-constrained wp-container-core-column-is-layout-7bf11a4c wp-block-column-is-layout-constrained\" style=\"border-radius:20px;padding-top:var(--wp--preset--spacing--50);padding-right:var(--wp--preset--spacing--40);padding-bottom:var(--wp--preset--spacing--50);padding-left:var(--wp--preset--spacing--40)\">\n<h3 class=\"wp-block-heading has-text-align-center\">Elaboraci\u00f3 i presentaci\u00f3 de comptes anuals<\/h3>\n\n\n\n<p>Preparem les teves comptes anuals amb precisi\u00f3 i detall, garantint que tot estigui en ordre i compleixi amb la normativa. Deixa a les nostres mans el tancament de l'any fiscal i estalvia preocupancions.<\/p>\n<\/div>\n<\/div>\n<\/div>\n\n\n\n<hr class=\"wp-block-separator has-text-color has-text-lighter-color has-alpha-channel-opacity has-text-lighter-background-color has-background is-style-wide\" style=\"margin-top:var(--wp--preset--spacing--60);margin-bottom:var(--wp--preset--spacing--60)\"\/>\n\n\n\n<div class=\"wp-block-cover alignfull\" style=\"margin-bottom:-50px\"><span aria-hidden=\"true\" class=\"wp-block-cover__background has-dark-background-color has-background-dim-60 has-background-dim\"><\/span><img loading=\"lazy\" decoding=\"async\" width=\"1280\" height=\"850\" class=\"wp-block-cover__image-background wp-image-109\" alt=\"\" src=\"https:\/\/hermesconsolidated.com\/wp-content\/uploads\/2025\/04\/office-620817_1280.jpg\" data-object-fit=\"cover\" srcset=\"https:\/\/hermesconsolidated.com\/wp-content\/uploads\/2025\/04\/office-620817_1280.jpg 1280w, https:\/\/hermesconsolidated.com\/wp-content\/uploads\/2025\/04\/office-620817_1280-300x199.jpg 300w, https:\/\/hermesconsolidated.com\/wp-content\/uploads\/2025\/04\/office-620817_1280-1024x680.jpg 1024w, https:\/\/hermesconsolidated.com\/wp-content\/uploads\/2025\/04\/office-620817_1280-768x510.jpg 768w, https:\/\/hermesconsolidated.com\/wp-content\/uploads\/2025\/04\/office-620817_1280-18x12.jpg 18w, https:\/\/hermesconsolidated.com\/wp-content\/uploads\/2025\/04\/office-620817_1280-1170x777.jpg 1170w\" sizes=\"auto, (max-width: 1280px) 100vw, 1280px\" \/><div class=\"wp-block-cover__inner-container is-layout-constrained wp-block-cover-is-layout-constrained\">\n<h4 class=\"wp-block-heading has-text-align-center has-background-color has-text-color has-link-color has-large-font-size wp-elements-d3b0e7368b43c30c625864ffc371f704\">Necessites m\u00e9s informaci\u00f3 o vols contractar els nostres serveis?<\/h4>\n\n\n\n<div class=\"wp-block-buttons is-content-justification-center is-layout-flex wp-container-core-buttons-is-layout-a89b3969 wp-block-buttons-is-layout-flex\">\n<div class=\"wp-block-button is-style-ona-button-arrow-icon\"><a class=\"wp-block-button__link has-background-color has-primary-background-color has-text-color has-background has-link-color wp-element-button\">Contactar<\/a><\/div>\n<\/div>\n<\/div><\/div>","protected":false},"excerpt":{"rendered":"<p>En Hermes Consolidated, ofrecemos una asesor\u00eda fiscal integral para empresas en Sabadell. Nos encargamos de todos los aspectos fiscales para que puedas centrarte en tu negocio. Nuestro equipo de expertos est\u00e1 aqu\u00ed para asegurarse de que cumplas con todas tus obligaciones fiscales de manera eficiente y sin complicaciones. Te asesoramos con: Gesti\u00f3n de impuestos Nos [&hellip;]<\/p>\n","protected":false},"author":1,"featured_media":0,"parent":0,"menu_order":0,"comment_status":"closed","ping_status":"closed","template":"","meta":{"footnotes":""},"class_list":["post-27","page","type-page","status-publish","hentry"],"yoast_head":"<!-- This site is optimized with the Yoast SEO plugin v27.4 - https:\/\/yoast.com\/product\/yoast-seo-wordpress\/ -->\n<title>Asesor\u00eda fiscal - Hermes Consolidated<\/title>\n<meta name=\"robots\" content=\"index, follow, max-snippet:-1, max-image-preview:large, max-video-preview:-1\" \/>\n<link rel=\"canonical\" href=\"https:\/\/hermesconsolidated.com\/ca\/asesoria-fiscal\/\" \/>\n<meta property=\"og:locale\" content=\"ca_ES\" \/>\n<meta property=\"og:type\" content=\"article\" \/>\n<meta property=\"og:title\" content=\"Asesor\u00eda fiscal - Hermes Consolidated\" \/>\n<meta property=\"og:description\" content=\"En Hermes Consolidated, ofrecemos una asesor\u00eda fiscal integral para empresas en Sabadell. Nos encargamos de todos los aspectos fiscales para que puedas centrarte en tu negocio. Nuestro equipo de expertos est\u00e1 aqu\u00ed para asegurarse de que cumplas con todas tus obligaciones fiscales de manera eficiente y sin complicaciones. Te asesoramos con: Gesti\u00f3n de impuestos Nos [&hellip;]\" \/>\n<meta property=\"og:url\" content=\"https:\/\/hermesconsolidated.com\/ca\/asesoria-fiscal\/\" \/>\n<meta property=\"og:site_name\" content=\"Hermes Consolidated\" \/>\n<meta property=\"article:modified_time\" content=\"2025-04-15T13:46:07+00:00\" \/>\n<meta property=\"og:image\" content=\"https:\/\/hermesconsolidated.com\/wp-content\/uploads\/2025\/04\/istockphoto-2162033606-612x612-1.jpg\" \/>\n<meta name=\"twitter:card\" content=\"summary_large_image\" \/>\n<meta name=\"twitter:label1\" content=\"Temps estimat de lectura\" \/>\n\t<meta name=\"twitter:data1\" content=\"2 minuts\" \/>\n<script type=\"application\/ld+json\" class=\"yoast-schema-graph\">{\"@context\":\"https:\\\/\\\/schema.org\",\"@graph\":[{\"@type\":\"WebPage\",\"@id\":\"https:\\\/\\\/hermesconsolidated.com\\\/ca\\\/asesoria-fiscal\\\/\",\"url\":\"https:\\\/\\\/hermesconsolidated.com\\\/ca\\\/asesoria-fiscal\\\/\",\"name\":\"Asesor\u00eda fiscal - Hermes Consolidated\",\"isPartOf\":{\"@id\":\"https:\\\/\\\/hermesconsolidated.com\\\/#website\"},\"primaryImageOfPage\":{\"@id\":\"https:\\\/\\\/hermesconsolidated.com\\\/ca\\\/asesoria-fiscal\\\/#primaryimage\"},\"image\":{\"@id\":\"https:\\\/\\\/hermesconsolidated.com\\\/ca\\\/asesoria-fiscal\\\/#primaryimage\"},\"thumbnailUrl\":\"https:\\\/\\\/hermesconsolidated.com\\\/wp-content\\\/uploads\\\/2025\\\/04\\\/istockphoto-2162033606-612x612-1.jpg\",\"datePublished\":\"2025-04-15T12:12:38+00:00\",\"dateModified\":\"2025-04-15T13:46:07+00:00\",\"breadcrumb\":{\"@id\":\"https:\\\/\\\/hermesconsolidated.com\\\/ca\\\/asesoria-fiscal\\\/#breadcrumb\"},\"inLanguage\":\"ca\",\"potentialAction\":[{\"@type\":\"ReadAction\",\"target\":[\"https:\\\/\\\/hermesconsolidated.com\\\/ca\\\/asesoria-fiscal\\\/\"]}]},{\"@type\":\"ImageObject\",\"inLanguage\":\"ca\",\"@id\":\"https:\\\/\\\/hermesconsolidated.com\\\/ca\\\/asesoria-fiscal\\\/#primaryimage\",\"url\":\"https:\\\/\\\/hermesconsolidated.com\\\/wp-content\\\/uploads\\\/2025\\\/04\\\/istockphoto-2162033606-612x612-1.jpg\",\"contentUrl\":\"https:\\\/\\\/hermesconsolidated.com\\\/wp-content\\\/uploads\\\/2025\\\/04\\\/istockphoto-2162033606-612x612-1.jpg\"},{\"@type\":\"BreadcrumbList\",\"@id\":\"https:\\\/\\\/hermesconsolidated.com\\\/ca\\\/asesoria-fiscal\\\/#breadcrumb\",\"itemListElement\":[{\"@type\":\"ListItem\",\"position\":1,\"name\":\"Portada\",\"item\":\"https:\\\/\\\/hermesconsolidated.com\\\/\"},{\"@type\":\"ListItem\",\"position\":2,\"name\":\"Asesor\u00eda fiscal\"}]},{\"@type\":\"WebSite\",\"@id\":\"https:\\\/\\\/hermesconsolidated.com\\\/#website\",\"url\":\"https:\\\/\\\/hermesconsolidated.com\\\/\",\"name\":\"Hermes Consolidated\",\"description\":\"Servicios de asesor\u00eda para empresas en Sabadell\",\"publisher\":{\"@id\":\"https:\\\/\\\/hermesconsolidated.com\\\/#organization\"},\"potentialAction\":[{\"@type\":\"SearchAction\",\"target\":{\"@type\":\"EntryPoint\",\"urlTemplate\":\"https:\\\/\\\/hermesconsolidated.com\\\/?s={search_term_string}\"},\"query-input\":{\"@type\":\"PropertyValueSpecification\",\"valueRequired\":true,\"valueName\":\"search_term_string\"}}],\"inLanguage\":\"ca\"},{\"@type\":\"Organization\",\"@id\":\"https:\\\/\\\/hermesconsolidated.com\\\/#organization\",\"name\":\"Hermes Consolidated\",\"url\":\"https:\\\/\\\/hermesconsolidated.com\\\/\",\"logo\":{\"@type\":\"ImageObject\",\"inLanguage\":\"ca\",\"@id\":\"https:\\\/\\\/hermesconsolidated.com\\\/#\\\/schema\\\/logo\\\/image\\\/\",\"url\":\"https:\\\/\\\/hermesconsolidated.com\\\/wp-content\\\/uploads\\\/2025\\\/04\\\/cropped-upscalemedia-transformed.png\",\"contentUrl\":\"https:\\\/\\\/hermesconsolidated.com\\\/wp-content\\\/uploads\\\/2025\\\/04\\\/cropped-upscalemedia-transformed.png\",\"width\":512,\"height\":512,\"caption\":\"Hermes Consolidated\"},\"image\":{\"@id\":\"https:\\\/\\\/hermesconsolidated.com\\\/#\\\/schema\\\/logo\\\/image\\\/\"}}]}<\/script>\n<!-- \/ Yoast SEO plugin. -->","yoast_head_json":{"title":"Asesor\u00eda fiscal - Hermes Consolidated","robots":{"index":"index","follow":"follow","max-snippet":"max-snippet:-1","max-image-preview":"max-image-preview:large","max-video-preview":"max-video-preview:-1"},"canonical":"https:\/\/hermesconsolidated.com\/ca\/asesoria-fiscal\/","og_locale":"ca_ES","og_type":"article","og_title":"Asesor\u00eda fiscal - Hermes Consolidated","og_description":"En Hermes Consolidated, ofrecemos una asesor\u00eda fiscal integral para empresas en Sabadell. Nos encargamos de todos los aspectos fiscales para que puedas centrarte en tu negocio. Nuestro equipo de expertos est\u00e1 aqu\u00ed para asegurarse de que cumplas con todas tus obligaciones fiscales de manera eficiente y sin complicaciones. Te asesoramos con: Gesti\u00f3n de impuestos Nos [&hellip;]","og_url":"https:\/\/hermesconsolidated.com\/ca\/asesoria-fiscal\/","og_site_name":"Hermes Consolidated","article_modified_time":"2025-04-15T13:46:07+00:00","og_image":[{"url":"https:\/\/hermesconsolidated.com\/wp-content\/uploads\/2025\/04\/istockphoto-2162033606-612x612-1.jpg","type":"","width":"","height":""}],"twitter_card":"summary_large_image","twitter_misc":{"Temps estimat de lectura":"2 minuts"},"schema":{"@context":"https:\/\/schema.org","@graph":[{"@type":"WebPage","@id":"https:\/\/hermesconsolidated.com\/ca\/asesoria-fiscal\/","url":"https:\/\/hermesconsolidated.com\/ca\/asesoria-fiscal\/","name":"Asesor\u00eda fiscal - Hermes Consolidated","isPartOf":{"@id":"https:\/\/hermesconsolidated.com\/#website"},"primaryImageOfPage":{"@id":"https:\/\/hermesconsolidated.com\/ca\/asesoria-fiscal\/#primaryimage"},"image":{"@id":"https:\/\/hermesconsolidated.com\/ca\/asesoria-fiscal\/#primaryimage"},"thumbnailUrl":"https:\/\/hermesconsolidated.com\/wp-content\/uploads\/2025\/04\/istockphoto-2162033606-612x612-1.jpg","datePublished":"2025-04-15T12:12:38+00:00","dateModified":"2025-04-15T13:46:07+00:00","breadcrumb":{"@id":"https:\/\/hermesconsolidated.com\/ca\/asesoria-fiscal\/#breadcrumb"},"inLanguage":"ca","potentialAction":[{"@type":"ReadAction","target":["https:\/\/hermesconsolidated.com\/ca\/asesoria-fiscal\/"]}]},{"@type":"ImageObject","inLanguage":"ca","@id":"https:\/\/hermesconsolidated.com\/ca\/asesoria-fiscal\/#primaryimage","url":"https:\/\/hermesconsolidated.com\/wp-content\/uploads\/2025\/04\/istockphoto-2162033606-612x612-1.jpg","contentUrl":"https:\/\/hermesconsolidated.com\/wp-content\/uploads\/2025\/04\/istockphoto-2162033606-612x612-1.jpg"},{"@type":"BreadcrumbList","@id":"https:\/\/hermesconsolidated.com\/ca\/asesoria-fiscal\/#breadcrumb","itemListElement":[{"@type":"ListItem","position":1,"name":"Portada","item":"https:\/\/hermesconsolidated.com\/"},{"@type":"ListItem","position":2,"name":"Asesor\u00eda fiscal"}]},{"@type":"WebSite","@id":"https:\/\/hermesconsolidated.com\/#website","url":"https:\/\/hermesconsolidated.com\/","name":"Hermes Consolidated","description":"Servicios de asesor\u00eda para empresas en Sabadell","publisher":{"@id":"https:\/\/hermesconsolidated.com\/#organization"},"potentialAction":[{"@type":"SearchAction","target":{"@type":"EntryPoint","urlTemplate":"https:\/\/hermesconsolidated.com\/?s={search_term_string}"},"query-input":{"@type":"PropertyValueSpecification","valueRequired":true,"valueName":"search_term_string"}}],"inLanguage":"ca"},{"@type":"Organization","@id":"https:\/\/hermesconsolidated.com\/#organization","name":"Hermes Consolidated","url":"https:\/\/hermesconsolidated.com\/","logo":{"@type":"ImageObject","inLanguage":"ca","@id":"https:\/\/hermesconsolidated.com\/#\/schema\/logo\/image\/","url":"https:\/\/hermesconsolidated.com\/wp-content\/uploads\/2025\/04\/cropped-upscalemedia-transformed.png","contentUrl":"https:\/\/hermesconsolidated.com\/wp-content\/uploads\/2025\/04\/cropped-upscalemedia-transformed.png","width":512,"height":512,"caption":"Hermes Consolidated"},"image":{"@id":"https:\/\/hermesconsolidated.com\/#\/schema\/logo\/image\/"}}]}},"_links":{"self":[{"href":"https:\/\/hermesconsolidated.com\/ca\/wp-json\/wp\/v2\/pages\/27","targetHints":{"allow":["GET"]}}],"collection":[{"href":"https:\/\/hermesconsolidated.com\/ca\/wp-json\/wp\/v2\/pages"}],"about":[{"href":"https:\/\/hermesconsolidated.com\/ca\/wp-json\/wp\/v2\/types\/page"}],"author":[{"embeddable":true,"href":"https:\/\/hermesconsolidated.com\/ca\/wp-json\/wp\/v2\/users\/1"}],"replies":[{"embeddable":true,"href":"https:\/\/hermesconsolidated.com\/ca\/wp-json\/wp\/v2\/comments?post=27"}],"version-history":[{"count":14,"href":"https:\/\/hermesconsolidated.com\/ca\/wp-json\/wp\/v2\/pages\/27\/revisions"}],"predecessor-version":[{"id":117,"href":"https:\/\/hermesconsolidated.com\/ca\/wp-json\/wp\/v2\/pages\/27\/revisions\/117"}],"wp:attachment":[{"href":"https:\/\/hermesconsolidated.com\/ca\/wp-json\/wp\/v2\/media?parent=27"}],"curies":[{"name":"wp","href":"https:\/\/api.w.org\/{rel}","templated":true}]}}